{"id":17802,"date":"2024-10-04T11:45:01","date_gmt":"2024-10-04T09:45:01","guid":{"rendered":"https:\/\/www.dolfin.be\/product\/caramel-beurre-sale-30g-2\/"},"modified":"2025-04-08T10:51:23","modified_gmt":"2025-04-08T08:51:23","slug":"karamell-mit-gesalzener-butter-30g-2","status":"publish","type":"product","link":"https:\/\/www.dolfin.be\/de\/produkt\/karamell-mit-gesalzener-butter-30g-2\/","title":{"rendered":"Karamell mit gesalzener Butter &#8211; 30G"},"content":{"rendered":"<p>Eine unwiderstehliche Mischung, getragen von der reichhaltigen und cremigen Verbindung aus Milchschokolade und gesalzener Butterkaramell.<\/p>\n<p><strong>Zutaten<\/strong>: Zucker, Kakaomasse, Kakaobutter, Vollmilchpulver, Karamell mit gesalzener Butter 7% (Zucker, Glukosesirup, Vollmilchpulver, Sahne (milch), gesalzene Butter (milch), Guerande Salz, Emulgator: Raps Lecithin), Emulgator: Sojalecithin, Guerande Salz, nat\u00fcrliches Vanillearoma, nat\u00fcrliche Aromen. Kakao: 37% mindestens. Kann N\u00fcsse, Gluten, Eiern und Sesam enthalten.<\/p>\n","protected":false},"excerpt":{"rendered":"<p>Eine unwiderstehliche Mischung, getragen von der reichhaltigen und cremigen Verbindung aus Milchschokolade und gesalzener Butterkaramell.<\/p>\n","protected":false},"featured_media":17799,"template":"","meta":{"_acf_changed":false,"_et_pb_use_builder":"","_et_pb_old_content":"","_et_gb_content_width":"","inline_featured_image":false},"product_brand":[],"product_cat":[521,584,413],"product_tag":[],"class_list":{"0":"post-17802","1":"product","2":"type-product","3":"status-publish","4":"has-post-thumbnail","6":"product_cat-kleine-tabletten-30g-de","7":"product_cat-love-kollektion","8":"product_cat-schokolade-liebe-themensortimente","10":"first","11":"instock","12":"shipping-taxable","13":"purchasable","14":"product-type-simple"},"acf":[],"yoast_head":"<!-- This site is optimized with the Yoast SEO plugin v27.4 - https:\/\/yoast.com\/product\/yoast-seo-wordpress\/ -->\n<title>Karamell mit gesalzener Butter - 30G | Dolfin<\/title>\n<meta name=\"description\" content=\"Eine unwiderstehliche Mischung, getragen von der reichhaltigen und cremigen Verbindung aus Milchschokolade und gesalzener Butterkaramell.\" \/>\n<meta name=\"robots\" content=\"index, follow, max-snippet:-1, max-image-preview:large, max-video-preview:-1\" \/>\n<link rel=\"canonical\" href=\"https:\/\/www.dolfin.be\/de\/produkt\/karamell-mit-gesalzener-butter-30g-2\/\" \/>\n<meta property=\"og:locale\" content=\"de_DE\" \/>\n<meta property=\"og:type\" content=\"article\" \/>\n<meta property=\"og:title\" content=\"Karamell mit gesalzener Butter - 30G | Dolfin\" \/>\n<meta property=\"og:description\" content=\"Eine unwiderstehliche Mischung, getragen von der reichhaltigen und cremigen Verbindung aus Milchschokolade und gesalzener Butterkaramell.\" \/>\n<meta property=\"og:url\" content=\"https:\/\/www.dolfin.be\/de\/produkt\/karamell-mit-gesalzener-butter-30g-2\/\" \/>\n<meta property=\"og:site_name\" content=\"Dolfin\" \/>\n<meta property=\"article:modified_time\" content=\"2025-04-08T08:51:23+00:00\" \/>\n<meta property=\"og:image\" content=\"https:\/\/www.dolfin.be\/wp-content\/uploads\/2024\/10\/tab30-Love-Lait-caramel-e1728035058274.jpg\" \/>\n\t<meta property=\"og:image:width\" content=\"960\" \/>\n\t<meta property=\"og:image:height\" content=\"1200\" \/>\n\t<meta property=\"og:image:type\" content=\"image\/jpeg\" \/>\n<meta name=\"twitter:card\" content=\"summary_large_image\" \/>\n<meta name=\"twitter:label1\" content=\"Gesch\u00e4tzte Lesezeit\" \/>\n\t<meta name=\"twitter:data1\" content=\"1\u00a0Minute\" \/>\n<script type=\"application\/ld+json\" class=\"yoast-schema-graph\">{\"@context\":\"https:\\\/\\\/schema.org\",\"@graph\":[{\"@type\":\"WebPage\",\"@id\":\"https:\\\/\\\/www.dolfin.be\\\/de\\\/produkt\\\/karamell-mit-gesalzener-butter-30g-2\\\/\",\"url\":\"https:\\\/\\\/www.dolfin.be\\\/de\\\/produkt\\\/karamell-mit-gesalzener-butter-30g-2\\\/\",\"name\":\"Karamell mit gesalzener Butter - 30G | Dolfin\",\"isPartOf\":{\"@id\":\"https:\\\/\\\/www.dolfin.be\\\/de\\\/#website\"},\"primaryImageOfPage\":{\"@id\":\"https:\\\/\\\/www.dolfin.be\\\/de\\\/produkt\\\/karamell-mit-gesalzener-butter-30g-2\\\/#primaryimage\"},\"image\":{\"@id\":\"https:\\\/\\\/www.dolfin.be\\\/de\\\/produkt\\\/karamell-mit-gesalzener-butter-30g-2\\\/#primaryimage\"},\"thumbnailUrl\":\"https:\\\/\\\/www.dolfin.be\\\/wp-content\\\/uploads\\\/2024\\\/10\\\/tab30-Love-Lait-caramel-e1728035058274.jpg\",\"datePublished\":\"2024-10-04T09:45:01+00:00\",\"dateModified\":\"2025-04-08T08:51:23+00:00\",\"description\":\"Eine unwiderstehliche Mischung, getragen von der reichhaltigen und cremigen Verbindung aus Milchschokolade und gesalzener Butterkaramell.\",\"breadcrumb\":{\"@id\":\"https:\\\/\\\/www.dolfin.be\\\/de\\\/produkt\\\/karamell-mit-gesalzener-butter-30g-2\\\/#breadcrumb\"},\"inLanguage\":\"de\",\"potentialAction\":[{\"@type\":\"ReadAction\",\"target\":[\"https:\\\/\\\/www.dolfin.be\\\/de\\\/produkt\\\/karamell-mit-gesalzener-butter-30g-2\\\/\"]}]},{\"@type\":\"ImageObject\",\"inLanguage\":\"de\",\"@id\":\"https:\\\/\\\/www.dolfin.be\\\/de\\\/produkt\\\/karamell-mit-gesalzener-butter-30g-2\\\/#primaryimage\",\"url\":\"https:\\\/\\\/www.dolfin.be\\\/wp-content\\\/uploads\\\/2024\\\/10\\\/tab30-Love-Lait-caramel-e1728035058274.jpg\",\"contentUrl\":\"https:\\\/\\\/www.dolfin.be\\\/wp-content\\\/uploads\\\/2024\\\/10\\\/tab30-Love-Lait-caramel-e1728035058274.jpg\",\"width\":960,\"height\":1200},{\"@type\":\"BreadcrumbList\",\"@id\":\"https:\\\/\\\/www.dolfin.be\\\/de\\\/produkt\\\/karamell-mit-gesalzener-butter-30g-2\\\/#breadcrumb\",\"itemListElement\":[{\"@type\":\"ListItem\",\"position\":1,\"name\":\"Accueil\",\"item\":\"https:\\\/\\\/www.dolfin.be\\\/de\\\/\"},{\"@type\":\"ListItem\",\"position\":2,\"name\":\"Unsere Produkte\",\"item\":\"https:\\\/\\\/www.dolfin.be\\\/de\\\/unsere-produkte\\\/\"},{\"@type\":\"ListItem\",\"position\":3,\"name\":\"Karamell mit gesalzener Butter &#8211; 30G\"}]},{\"@type\":\"WebSite\",\"@id\":\"https:\\\/\\\/www.dolfin.be\\\/de\\\/#website\",\"url\":\"https:\\\/\\\/www.dolfin.be\\\/de\\\/\",\"name\":\"Dolfin\",\"description\":\"\",\"potentialAction\":[{\"@type\":\"SearchAction\",\"target\":{\"@type\":\"EntryPoint\",\"urlTemplate\":\"https:\\\/\\\/www.dolfin.be\\\/de\\\/?s={search_term_string}\"},\"query-input\":{\"@type\":\"PropertyValueSpecification\",\"valueRequired\":true,\"valueName\":\"search_term_string\"}}],\"inLanguage\":\"de\"}]}<\/script>\n<!-- \/ Yoast SEO plugin. -->","yoast_head_json":{"title":"Karamell mit gesalzener Butter - 30G | Dolfin","description":"Eine unwiderstehliche Mischung, getragen von der reichhaltigen und cremigen Verbindung aus Milchschokolade und gesalzener Butterkaramell.","robots":{"index":"index","follow":"follow","max-snippet":"max-snippet:-1","max-image-preview":"max-image-preview:large","max-video-preview":"max-video-preview:-1"},"canonical":"https:\/\/www.dolfin.be\/de\/produkt\/karamell-mit-gesalzener-butter-30g-2\/","og_locale":"de_DE","og_type":"article","og_title":"Karamell mit gesalzener Butter - 30G | Dolfin","og_description":"Eine unwiderstehliche Mischung, getragen von der reichhaltigen und cremigen Verbindung aus Milchschokolade und gesalzener Butterkaramell.","og_url":"https:\/\/www.dolfin.be\/de\/produkt\/karamell-mit-gesalzener-butter-30g-2\/","og_site_name":"Dolfin","article_modified_time":"2025-04-08T08:51:23+00:00","og_image":[{"width":960,"height":1200,"url":"https:\/\/www.dolfin.be\/wp-content\/uploads\/2024\/10\/tab30-Love-Lait-caramel-e1728035058274.jpg","type":"image\/jpeg"}],"twitter_card":"summary_large_image","twitter_misc":{"Gesch\u00e4tzte Lesezeit":"1\u00a0Minute"},"schema":{"@context":"https:\/\/schema.org","@graph":[{"@type":"WebPage","@id":"https:\/\/www.dolfin.be\/de\/produkt\/karamell-mit-gesalzener-butter-30g-2\/","url":"https:\/\/www.dolfin.be\/de\/produkt\/karamell-mit-gesalzener-butter-30g-2\/","name":"Karamell mit gesalzener Butter - 30G | Dolfin","isPartOf":{"@id":"https:\/\/www.dolfin.be\/de\/#website"},"primaryImageOfPage":{"@id":"https:\/\/www.dolfin.be\/de\/produkt\/karamell-mit-gesalzener-butter-30g-2\/#primaryimage"},"image":{"@id":"https:\/\/www.dolfin.be\/de\/produkt\/karamell-mit-gesalzener-butter-30g-2\/#primaryimage"},"thumbnailUrl":"https:\/\/www.dolfin.be\/wp-content\/uploads\/2024\/10\/tab30-Love-Lait-caramel-e1728035058274.jpg","datePublished":"2024-10-04T09:45:01+00:00","dateModified":"2025-04-08T08:51:23+00:00","description":"Eine unwiderstehliche Mischung, getragen von der reichhaltigen und cremigen Verbindung aus Milchschokolade und gesalzener Butterkaramell.","breadcrumb":{"@id":"https:\/\/www.dolfin.be\/de\/produkt\/karamell-mit-gesalzener-butter-30g-2\/#breadcrumb"},"inLanguage":"de","potentialAction":[{"@type":"ReadAction","target":["https:\/\/www.dolfin.be\/de\/produkt\/karamell-mit-gesalzener-butter-30g-2\/"]}]},{"@type":"ImageObject","inLanguage":"de","@id":"https:\/\/www.dolfin.be\/de\/produkt\/karamell-mit-gesalzener-butter-30g-2\/#primaryimage","url":"https:\/\/www.dolfin.be\/wp-content\/uploads\/2024\/10\/tab30-Love-Lait-caramel-e1728035058274.jpg","contentUrl":"https:\/\/www.dolfin.be\/wp-content\/uploads\/2024\/10\/tab30-Love-Lait-caramel-e1728035058274.jpg","width":960,"height":1200},{"@type":"BreadcrumbList","@id":"https:\/\/www.dolfin.be\/de\/produkt\/karamell-mit-gesalzener-butter-30g-2\/#breadcrumb","itemListElement":[{"@type":"ListItem","position":1,"name":"Accueil","item":"https:\/\/www.dolfin.be\/de\/"},{"@type":"ListItem","position":2,"name":"Unsere Produkte","item":"https:\/\/www.dolfin.be\/de\/unsere-produkte\/"},{"@type":"ListItem","position":3,"name":"Karamell mit gesalzener Butter &#8211; 30G"}]},{"@type":"WebSite","@id":"https:\/\/www.dolfin.be\/de\/#website","url":"https:\/\/www.dolfin.be\/de\/","name":"Dolfin","description":"","potentialAction":[{"@type":"SearchAction","target":{"@type":"EntryPoint","urlTemplate":"https:\/\/www.dolfin.be\/de\/?s={search_term_string}"},"query-input":{"@type":"PropertyValueSpecification","valueRequired":true,"valueName":"search_term_string"}}],"inLanguage":"de"}]}},"_links":{"self":[{"href":"https:\/\/www.dolfin.be\/de\/wp-json\/wp\/v2\/product\/17802","targetHints":{"allow":["GET"]}}],"collection":[{"href":"https:\/\/www.dolfin.be\/de\/wp-json\/wp\/v2\/product"}],"about":[{"href":"https:\/\/www.dolfin.be\/de\/wp-json\/wp\/v2\/types\/product"}],"wp:featuredmedia":[{"embeddable":true,"href":"https:\/\/www.dolfin.be\/de\/wp-json\/wp\/v2\/media\/17799"}],"wp:attachment":[{"href":"https:\/\/www.dolfin.be\/de\/wp-json\/wp\/v2\/media?parent=17802"}],"wp:term":[{"taxonomy":"product_brand","embeddable":true,"href":"https:\/\/www.dolfin.be\/de\/wp-json\/wp\/v2\/product_brand?post=17802"},{"taxonomy":"product_cat","embeddable":true,"href":"https:\/\/www.dolfin.be\/de\/wp-json\/wp\/v2\/product_cat?post=17802"},{"taxonomy":"product_tag","embeddable":true,"href":"https:\/\/www.dolfin.be\/de\/wp-json\/wp\/v2\/product_tag?post=17802"}],"curies":[{"name":"wp","href":"https:\/\/api.w.org\/{rel}","templated":true}]}}