{"id":14579,"date":"2024-05-29T08:19:16","date_gmt":"2024-05-29T06:19:16","guid":{"rendered":"https:\/\/www.dolfin.be\/?post_type=product&#038;p=14579"},"modified":"2025-07-10T12:05:42","modified_gmt":"2025-07-10T10:05:42","slug":"sortiment-aus-24-schokoladentafeln","status":"publish","type":"product","link":"https:\/\/www.dolfin.be\/de\/produkt\/sortiment-aus-24-schokoladentafeln\/","title":{"rendered":"Sortiment aus 24 schokoladentafeln"},"content":{"rendered":"<p>Das gesamte Sortiment kommt in einer Box voller Frische. Finden Sie unsere verschiedenen Geschmacksrichtungen in diesem idealen Sortiment, um sie mit Familie oder Freunden zu teilen: Zartbitter 72% Kakao, Zartbitter gesalzene Mandeln, Zartbitter Zitrone &amp; Ingwer, Vollmilch 37% Kakao, Vollmilch Spekulatius und Vollmilch Karamell.<\/p>\n<p><strong>Zutaten <\/strong>: Kakaomasse*, Rohrzucker*, Kakaobutter*, Voll<strong>milch<\/strong>pulver*, Karamell* 6% (Zucker*, Glukose*, Kondens<strong>milch<\/strong>*, Butter* (<strong>Milch<\/strong>), Guerande-Salz), gesalzene <strong>Mandeln<\/strong>* 4% (<strong>Mandeln<\/strong>*, <strong>Soja<\/strong>*, <strong>Weizen<\/strong>*, Salz), Spekulatius * 3% (<strong>Weizen<\/strong>mehl *, R\u00fcbenzucker*, pflanzen\u00f6le fette * (Kokosnuss*, Sonnenblume*), R\u00fcbensirup*, Voll<strong>ei<\/strong>*, Ceylon-Zimt*, Gew\u00fcrze*, Natriumcarbonat (Backpulver)), Zitrone* 2%, Spekulatius-Gew\u00fcrze 1% (Ceylon-Zimt *, Muskatnuss *, Ingwer *, Sternanis *, Vanillepulver *), Ingwer* 0.5%, Vanille*, Guerande-Salz 0,15%. Kakao: 37% und 72% mindestens. Kann andere N\u00fcsse und Sesam enthalten. *Produkten aus Biologischer Landwirtschaft &#8211; Kontrolle: Certysis-BE-BIO-01. www.certysis.eu &#8211; Fairtrade-Kakao, Zucker, Ingwer und Vanille. Gesamtanteil 86,7%. Visit info.fairtrade.net\/sourcing.<\/p>\n","protected":false},"excerpt":{"rendered":"<p>Das gesamte Sortiment kommt in einer Box voller Frische. Finden Sie unsere verschiedenen Geschmacksrichtungen in diesem idealen Sortiment, um sie mit Familie oder Freunden zu teilen: Zartbitter 72% Kakao, Zartbitter gesalzene Mandeln, Zartbitter Zitrone &amp; Ingwer, Vollmilch 37% Kakao, Vollmilch Spekulatius und Vollmilch Karamell.<\/p>\n","protected":false},"featured_media":13814,"template":"","meta":{"_acf_changed":false,"_et_pb_use_builder":"","_et_pb_old_content":"","_et_gb_content_width":"","inline_featured_image":false},"product_brand":[],"product_cat":[576,574,571],"product_tag":[],"class_list":{"0":"post-14579","1":"product","2":"type-product","3":"status-publish","4":"has-post-thumbnail","6":"product_cat-boxen-und-etuis-de","7":"product_cat-sortimente-de-2","8":"product_cat-tohi-de","9":"pa_kakaogehalt-37-kakao","10":"pa_kakaogehalt-72-kakao","12":"first","13":"instock","14":"purchasable","15":"product-type-simple"},"acf":[],"yoast_head":"<!-- This site is optimized with the Yoast SEO plugin v27.4 - https:\/\/yoast.com\/product\/yoast-seo-wordpress\/ -->\n<title>Sortiment aus 24 schokoladentafeln | Dolfin<\/title>\n<meta name=\"robots\" content=\"index, follow, max-snippet:-1, max-image-preview:large, max-video-preview:-1\" \/>\n<link rel=\"canonical\" href=\"https:\/\/www.dolfin.be\/de\/produkt\/sortiment-aus-24-schokoladentafeln\/\" \/>\n<meta property=\"og:locale\" content=\"de_DE\" \/>\n<meta property=\"og:type\" content=\"article\" \/>\n<meta property=\"og:title\" content=\"Sortiment aus 24 schokoladentafeln | Dolfin\" \/>\n<meta property=\"og:description\" content=\"Das gesamte Sortiment kommt in einer Box voller Frische. Finden Sie unsere verschiedenen Geschmacksrichtungen in diesem idealen Sortiment, um sie mit Familie oder Freunden zu teilen: Zartbitter 72% Kakao, Zartbitter gesalzene Mandeln, Zartbitter Zitrone &amp; Ingwer, Vollmilch 37% Kakao, Vollmilch Spekulatius und Vollmilch Karamell.\" \/>\n<meta property=\"og:url\" content=\"https:\/\/www.dolfin.be\/de\/produkt\/sortiment-aus-24-schokoladentafeln\/\" \/>\n<meta property=\"og:site_name\" content=\"Dolfin\" \/>\n<meta property=\"article:modified_time\" content=\"2025-07-10T10:05:42+00:00\" \/>\n<meta property=\"og:image\" content=\"https:\/\/www.dolfin.be\/wp-content\/uploads\/2024\/05\/TO1013_face.jpg\" \/>\n\t<meta property=\"og:image:width\" content=\"1001\" \/>\n\t<meta property=\"og:image:height\" content=\"1724\" \/>\n\t<meta property=\"og:image:type\" content=\"image\/jpeg\" \/>\n<meta name=\"twitter:card\" content=\"summary_large_image\" \/>\n<meta name=\"twitter:label1\" content=\"Gesch\u00e4tzte Lesezeit\" \/>\n\t<meta name=\"twitter:data1\" content=\"1\u00a0Minute\" \/>\n<script type=\"application\/ld+json\" class=\"yoast-schema-graph\">{\"@context\":\"https:\\\/\\\/schema.org\",\"@graph\":[{\"@type\":\"WebPage\",\"@id\":\"https:\\\/\\\/www.dolfin.be\\\/de\\\/produkt\\\/sortiment-aus-24-schokoladentafeln\\\/\",\"url\":\"https:\\\/\\\/www.dolfin.be\\\/de\\\/produkt\\\/sortiment-aus-24-schokoladentafeln\\\/\",\"name\":\"Sortiment aus 24 schokoladentafeln | Dolfin\",\"isPartOf\":{\"@id\":\"https:\\\/\\\/www.dolfin.be\\\/de\\\/#website\"},\"primaryImageOfPage\":{\"@id\":\"https:\\\/\\\/www.dolfin.be\\\/de\\\/produkt\\\/sortiment-aus-24-schokoladentafeln\\\/#primaryimage\"},\"image\":{\"@id\":\"https:\\\/\\\/www.dolfin.be\\\/de\\\/produkt\\\/sortiment-aus-24-schokoladentafeln\\\/#primaryimage\"},\"thumbnailUrl\":\"https:\\\/\\\/www.dolfin.be\\\/wp-content\\\/uploads\\\/2024\\\/05\\\/TO1013_face.jpg\",\"datePublished\":\"2024-05-29T06:19:16+00:00\",\"dateModified\":\"2025-07-10T10:05:42+00:00\",\"breadcrumb\":{\"@id\":\"https:\\\/\\\/www.dolfin.be\\\/de\\\/produkt\\\/sortiment-aus-24-schokoladentafeln\\\/#breadcrumb\"},\"inLanguage\":\"de\",\"potentialAction\":[{\"@type\":\"ReadAction\",\"target\":[\"https:\\\/\\\/www.dolfin.be\\\/de\\\/produkt\\\/sortiment-aus-24-schokoladentafeln\\\/\"]}]},{\"@type\":\"ImageObject\",\"inLanguage\":\"de\",\"@id\":\"https:\\\/\\\/www.dolfin.be\\\/de\\\/produkt\\\/sortiment-aus-24-schokoladentafeln\\\/#primaryimage\",\"url\":\"https:\\\/\\\/www.dolfin.be\\\/wp-content\\\/uploads\\\/2024\\\/05\\\/TO1013_face.jpg\",\"contentUrl\":\"https:\\\/\\\/www.dolfin.be\\\/wp-content\\\/uploads\\\/2024\\\/05\\\/TO1013_face.jpg\",\"width\":1001,\"height\":1724},{\"@type\":\"BreadcrumbList\",\"@id\":\"https:\\\/\\\/www.dolfin.be\\\/de\\\/produkt\\\/sortiment-aus-24-schokoladentafeln\\\/#breadcrumb\",\"itemListElement\":[{\"@type\":\"ListItem\",\"position\":1,\"name\":\"Accueil\",\"item\":\"https:\\\/\\\/www.dolfin.be\\\/de\\\/\"},{\"@type\":\"ListItem\",\"position\":2,\"name\":\"Unsere Produkte\",\"item\":\"https:\\\/\\\/www.dolfin.be\\\/de\\\/unsere-produkte\\\/\"},{\"@type\":\"ListItem\",\"position\":3,\"name\":\"Sortiment aus 24 schokoladentafeln\"}]},{\"@type\":\"WebSite\",\"@id\":\"https:\\\/\\\/www.dolfin.be\\\/de\\\/#website\",\"url\":\"https:\\\/\\\/www.dolfin.be\\\/de\\\/\",\"name\":\"Dolfin\",\"description\":\"\",\"potentialAction\":[{\"@type\":\"SearchAction\",\"target\":{\"@type\":\"EntryPoint\",\"urlTemplate\":\"https:\\\/\\\/www.dolfin.be\\\/de\\\/?s={search_term_string}\"},\"query-input\":{\"@type\":\"PropertyValueSpecification\",\"valueRequired\":true,\"valueName\":\"search_term_string\"}}],\"inLanguage\":\"de\"}]}<\/script>\n<!-- \/ Yoast SEO plugin. -->","yoast_head_json":{"title":"Sortiment aus 24 schokoladentafeln | Dolfin","robots":{"index":"index","follow":"follow","max-snippet":"max-snippet:-1","max-image-preview":"max-image-preview:large","max-video-preview":"max-video-preview:-1"},"canonical":"https:\/\/www.dolfin.be\/de\/produkt\/sortiment-aus-24-schokoladentafeln\/","og_locale":"de_DE","og_type":"article","og_title":"Sortiment aus 24 schokoladentafeln | Dolfin","og_description":"Das gesamte Sortiment kommt in einer Box voller Frische. Finden Sie unsere verschiedenen Geschmacksrichtungen in diesem idealen Sortiment, um sie mit Familie oder Freunden zu teilen: Zartbitter 72% Kakao, Zartbitter gesalzene Mandeln, Zartbitter Zitrone &amp; Ingwer, Vollmilch 37% Kakao, Vollmilch Spekulatius und Vollmilch Karamell.","og_url":"https:\/\/www.dolfin.be\/de\/produkt\/sortiment-aus-24-schokoladentafeln\/","og_site_name":"Dolfin","article_modified_time":"2025-07-10T10:05:42+00:00","og_image":[{"width":1001,"height":1724,"url":"https:\/\/www.dolfin.be\/wp-content\/uploads\/2024\/05\/TO1013_face.jpg","type":"image\/jpeg"}],"twitter_card":"summary_large_image","twitter_misc":{"Gesch\u00e4tzte Lesezeit":"1\u00a0Minute"},"schema":{"@context":"https:\/\/schema.org","@graph":[{"@type":"WebPage","@id":"https:\/\/www.dolfin.be\/de\/produkt\/sortiment-aus-24-schokoladentafeln\/","url":"https:\/\/www.dolfin.be\/de\/produkt\/sortiment-aus-24-schokoladentafeln\/","name":"Sortiment aus 24 schokoladentafeln | Dolfin","isPartOf":{"@id":"https:\/\/www.dolfin.be\/de\/#website"},"primaryImageOfPage":{"@id":"https:\/\/www.dolfin.be\/de\/produkt\/sortiment-aus-24-schokoladentafeln\/#primaryimage"},"image":{"@id":"https:\/\/www.dolfin.be\/de\/produkt\/sortiment-aus-24-schokoladentafeln\/#primaryimage"},"thumbnailUrl":"https:\/\/www.dolfin.be\/wp-content\/uploads\/2024\/05\/TO1013_face.jpg","datePublished":"2024-05-29T06:19:16+00:00","dateModified":"2025-07-10T10:05:42+00:00","breadcrumb":{"@id":"https:\/\/www.dolfin.be\/de\/produkt\/sortiment-aus-24-schokoladentafeln\/#breadcrumb"},"inLanguage":"de","potentialAction":[{"@type":"ReadAction","target":["https:\/\/www.dolfin.be\/de\/produkt\/sortiment-aus-24-schokoladentafeln\/"]}]},{"@type":"ImageObject","inLanguage":"de","@id":"https:\/\/www.dolfin.be\/de\/produkt\/sortiment-aus-24-schokoladentafeln\/#primaryimage","url":"https:\/\/www.dolfin.be\/wp-content\/uploads\/2024\/05\/TO1013_face.jpg","contentUrl":"https:\/\/www.dolfin.be\/wp-content\/uploads\/2024\/05\/TO1013_face.jpg","width":1001,"height":1724},{"@type":"BreadcrumbList","@id":"https:\/\/www.dolfin.be\/de\/produkt\/sortiment-aus-24-schokoladentafeln\/#breadcrumb","itemListElement":[{"@type":"ListItem","position":1,"name":"Accueil","item":"https:\/\/www.dolfin.be\/de\/"},{"@type":"ListItem","position":2,"name":"Unsere Produkte","item":"https:\/\/www.dolfin.be\/de\/unsere-produkte\/"},{"@type":"ListItem","position":3,"name":"Sortiment aus 24 schokoladentafeln"}]},{"@type":"WebSite","@id":"https:\/\/www.dolfin.be\/de\/#website","url":"https:\/\/www.dolfin.be\/de\/","name":"Dolfin","description":"","potentialAction":[{"@type":"SearchAction","target":{"@type":"EntryPoint","urlTemplate":"https:\/\/www.dolfin.be\/de\/?s={search_term_string}"},"query-input":{"@type":"PropertyValueSpecification","valueRequired":true,"valueName":"search_term_string"}}],"inLanguage":"de"}]}},"_links":{"self":[{"href":"https:\/\/www.dolfin.be\/de\/wp-json\/wp\/v2\/product\/14579","targetHints":{"allow":["GET"]}}],"collection":[{"href":"https:\/\/www.dolfin.be\/de\/wp-json\/wp\/v2\/product"}],"about":[{"href":"https:\/\/www.dolfin.be\/de\/wp-json\/wp\/v2\/types\/product"}],"wp:featuredmedia":[{"embeddable":true,"href":"https:\/\/www.dolfin.be\/de\/wp-json\/wp\/v2\/media\/13814"}],"wp:attachment":[{"href":"https:\/\/www.dolfin.be\/de\/wp-json\/wp\/v2\/media?parent=14579"}],"wp:term":[{"taxonomy":"product_brand","embeddable":true,"href":"https:\/\/www.dolfin.be\/de\/wp-json\/wp\/v2\/product_brand?post=14579"},{"taxonomy":"product_cat","embeddable":true,"href":"https:\/\/www.dolfin.be\/de\/wp-json\/wp\/v2\/product_cat?post=14579"},{"taxonomy":"product_tag","embeddable":true,"href":"https:\/\/www.dolfin.be\/de\/wp-json\/wp\/v2\/product_tag?post=14579"}],"curies":[{"name":"wp","href":"https:\/\/api.w.org\/{rel}","templated":true}]}}