{"id":14570,"date":"2024-05-29T08:19:09","date_gmt":"2024-05-29T06:19:09","guid":{"rendered":"https:\/\/www.dolfin.be\/?post_type=product&#038;p=14570"},"modified":"2025-07-10T12:24:07","modified_gmt":"2025-07-10T10:24:07","slug":"72-kakao-200g","status":"publish","type":"product","link":"https:\/\/www.dolfin.be\/de\/produkt\/72-kakao-200g\/","title":{"rendered":"72% Kakao (200g)"},"content":{"rendered":"<p>Tohi&#8217;s Ma\u00eetres-Chocolatiers haben eine Reihe von Sp\u00e4nen kreiert, die sich ideal f\u00fcr hei\u00dfe Schokolade, aber auch f\u00fcr die Zubereitung Ihrer Desserts oder anderer Fantasien eignen. Diese Schokoladensp\u00e4ne zeigen einen authentischen Geschmack und intensive Aromen, die den Gaumen der anspruchsvollsten Amateure verf\u00fchren werden.<\/p>\n<p><strong>Zutaten <\/strong>: Kakaopaste *, Rohrzucker *, Kakaobutter *, Vanille *. Kakao : 72% mindestens. Kann N\u00fcsse, Milch, Soja, Eiern, Gluten und Sesam enthalten. * Produkte aus \u00f6kologischem Landbau &#8211; CERTISYS-BE-BIO-01 Kontrolle &#8211; www.certisys.eu. &#8211; Fairtrade-Kakao, Zucker und Vanille. Gesamtanteil 100%. Visit info.fairtrade.net\/sourcing.<\/p>\n","protected":false},"excerpt":{"rendered":"<p>Tohi&#8217;s Ma\u00eetres-Chocolatiers haben eine Reihe von Sp\u00e4nen kreiert, die sich ideal f\u00fcr hei\u00dfe Schokolade, aber auch f\u00fcr die Zubereitung Ihrer Desserts oder anderer Fantasien eignen. Diese Schokoladensp\u00e4ne zeigen einen authentischen Geschmack und intensive Aromen, die den Gaumen der anspruchsvollsten Amateure verf\u00fchren werden.<\/p>\n","protected":false},"featured_media":13805,"template":"","meta":{"_acf_changed":false,"_et_pb_use_builder":"","_et_pb_old_content":"","_et_gb_content_width":"","inline_featured_image":false},"product_brand":[],"product_cat":[577,571],"product_tag":[],"class_list":{"0":"post-14570","1":"product","2":"type-product","3":"status-publish","4":"has-post-thumbnail","6":"product_cat-schokoladenspaene-de","7":"product_cat-tohi-de","8":"pa_kakaogehalt-72-kakao","10":"first","11":"instock","12":"purchasable","13":"product-type-simple"},"acf":[],"yoast_head":"<!-- This site is optimized with the Yoast SEO plugin v27.4 - https:\/\/yoast.com\/product\/yoast-seo-wordpress\/ -->\n<title>72% Kakao (200g) | Dolfin<\/title>\n<meta name=\"robots\" content=\"index, follow, max-snippet:-1, max-image-preview:large, max-video-preview:-1\" \/>\n<link rel=\"canonical\" href=\"https:\/\/www.dolfin.be\/de\/produkt\/72-kakao-200g\/\" \/>\n<meta property=\"og:locale\" content=\"de_DE\" \/>\n<meta property=\"og:type\" content=\"article\" \/>\n<meta property=\"og:title\" content=\"72% Kakao (200g) | Dolfin\" \/>\n<meta property=\"og:description\" content=\"Tohi&#039;s Ma\u00eetres-Chocolatiers haben eine Reihe von Sp\u00e4nen kreiert, die sich ideal f\u00fcr hei\u00dfe Schokolade, aber auch f\u00fcr die Zubereitung Ihrer Desserts oder anderer Fantasien eignen. Diese Schokoladensp\u00e4ne zeigen einen authentischen Geschmack und intensive Aromen, die den Gaumen der anspruchsvollsten Amateure verf\u00fchren werden.\" \/>\n<meta property=\"og:url\" content=\"https:\/\/www.dolfin.be\/de\/produkt\/72-kakao-200g\/\" \/>\n<meta property=\"og:site_name\" content=\"Dolfin\" \/>\n<meta property=\"article:modified_time\" content=\"2025-07-10T10:24:07+00:00\" \/>\n<meta property=\"og:image\" content=\"https:\/\/www.dolfin.be\/wp-content\/uploads\/2024\/05\/TO1010_face.jpg\" \/>\n\t<meta property=\"og:image:width\" content=\"1001\" \/>\n\t<meta property=\"og:image:height\" content=\"1669\" \/>\n\t<meta property=\"og:image:type\" content=\"image\/jpeg\" \/>\n<meta name=\"twitter:card\" content=\"summary_large_image\" \/>\n<meta name=\"twitter:label1\" content=\"Gesch\u00e4tzte Lesezeit\" \/>\n\t<meta name=\"twitter:data1\" content=\"1\u00a0Minute\" \/>\n<script type=\"application\/ld+json\" class=\"yoast-schema-graph\">{\"@context\":\"https:\\\/\\\/schema.org\",\"@graph\":[{\"@type\":\"WebPage\",\"@id\":\"https:\\\/\\\/www.dolfin.be\\\/de\\\/produkt\\\/72-kakao-200g\\\/\",\"url\":\"https:\\\/\\\/www.dolfin.be\\\/de\\\/produkt\\\/72-kakao-200g\\\/\",\"name\":\"72% Kakao (200g) | Dolfin\",\"isPartOf\":{\"@id\":\"https:\\\/\\\/www.dolfin.be\\\/de\\\/#website\"},\"primaryImageOfPage\":{\"@id\":\"https:\\\/\\\/www.dolfin.be\\\/de\\\/produkt\\\/72-kakao-200g\\\/#primaryimage\"},\"image\":{\"@id\":\"https:\\\/\\\/www.dolfin.be\\\/de\\\/produkt\\\/72-kakao-200g\\\/#primaryimage\"},\"thumbnailUrl\":\"https:\\\/\\\/www.dolfin.be\\\/wp-content\\\/uploads\\\/2024\\\/05\\\/TO1010_face.jpg\",\"datePublished\":\"2024-05-29T06:19:09+00:00\",\"dateModified\":\"2025-07-10T10:24:07+00:00\",\"breadcrumb\":{\"@id\":\"https:\\\/\\\/www.dolfin.be\\\/de\\\/produkt\\\/72-kakao-200g\\\/#breadcrumb\"},\"inLanguage\":\"de\",\"potentialAction\":[{\"@type\":\"ReadAction\",\"target\":[\"https:\\\/\\\/www.dolfin.be\\\/de\\\/produkt\\\/72-kakao-200g\\\/\"]}]},{\"@type\":\"ImageObject\",\"inLanguage\":\"de\",\"@id\":\"https:\\\/\\\/www.dolfin.be\\\/de\\\/produkt\\\/72-kakao-200g\\\/#primaryimage\",\"url\":\"https:\\\/\\\/www.dolfin.be\\\/wp-content\\\/uploads\\\/2024\\\/05\\\/TO1010_face.jpg\",\"contentUrl\":\"https:\\\/\\\/www.dolfin.be\\\/wp-content\\\/uploads\\\/2024\\\/05\\\/TO1010_face.jpg\",\"width\":1001,\"height\":1669},{\"@type\":\"BreadcrumbList\",\"@id\":\"https:\\\/\\\/www.dolfin.be\\\/de\\\/produkt\\\/72-kakao-200g\\\/#breadcrumb\",\"itemListElement\":[{\"@type\":\"ListItem\",\"position\":1,\"name\":\"Accueil\",\"item\":\"https:\\\/\\\/www.dolfin.be\\\/de\\\/\"},{\"@type\":\"ListItem\",\"position\":2,\"name\":\"Unsere Produkte\",\"item\":\"https:\\\/\\\/www.dolfin.be\\\/de\\\/unsere-produkte\\\/\"},{\"@type\":\"ListItem\",\"position\":3,\"name\":\"72% Kakao (200g)\"}]},{\"@type\":\"WebSite\",\"@id\":\"https:\\\/\\\/www.dolfin.be\\\/de\\\/#website\",\"url\":\"https:\\\/\\\/www.dolfin.be\\\/de\\\/\",\"name\":\"Dolfin\",\"description\":\"\",\"potentialAction\":[{\"@type\":\"SearchAction\",\"target\":{\"@type\":\"EntryPoint\",\"urlTemplate\":\"https:\\\/\\\/www.dolfin.be\\\/de\\\/?s={search_term_string}\"},\"query-input\":{\"@type\":\"PropertyValueSpecification\",\"valueRequired\":true,\"valueName\":\"search_term_string\"}}],\"inLanguage\":\"de\"}]}<\/script>\n<!-- \/ Yoast SEO plugin. -->","yoast_head_json":{"title":"72% Kakao (200g) | Dolfin","robots":{"index":"index","follow":"follow","max-snippet":"max-snippet:-1","max-image-preview":"max-image-preview:large","max-video-preview":"max-video-preview:-1"},"canonical":"https:\/\/www.dolfin.be\/de\/produkt\/72-kakao-200g\/","og_locale":"de_DE","og_type":"article","og_title":"72% Kakao (200g) | Dolfin","og_description":"Tohi's Ma\u00eetres-Chocolatiers haben eine Reihe von Sp\u00e4nen kreiert, die sich ideal f\u00fcr hei\u00dfe Schokolade, aber auch f\u00fcr die Zubereitung Ihrer Desserts oder anderer Fantasien eignen. Diese Schokoladensp\u00e4ne zeigen einen authentischen Geschmack und intensive Aromen, die den Gaumen der anspruchsvollsten Amateure verf\u00fchren werden.","og_url":"https:\/\/www.dolfin.be\/de\/produkt\/72-kakao-200g\/","og_site_name":"Dolfin","article_modified_time":"2025-07-10T10:24:07+00:00","og_image":[{"width":1001,"height":1669,"url":"https:\/\/www.dolfin.be\/wp-content\/uploads\/2024\/05\/TO1010_face.jpg","type":"image\/jpeg"}],"twitter_card":"summary_large_image","twitter_misc":{"Gesch\u00e4tzte Lesezeit":"1\u00a0Minute"},"schema":{"@context":"https:\/\/schema.org","@graph":[{"@type":"WebPage","@id":"https:\/\/www.dolfin.be\/de\/produkt\/72-kakao-200g\/","url":"https:\/\/www.dolfin.be\/de\/produkt\/72-kakao-200g\/","name":"72% Kakao (200g) | Dolfin","isPartOf":{"@id":"https:\/\/www.dolfin.be\/de\/#website"},"primaryImageOfPage":{"@id":"https:\/\/www.dolfin.be\/de\/produkt\/72-kakao-200g\/#primaryimage"},"image":{"@id":"https:\/\/www.dolfin.be\/de\/produkt\/72-kakao-200g\/#primaryimage"},"thumbnailUrl":"https:\/\/www.dolfin.be\/wp-content\/uploads\/2024\/05\/TO1010_face.jpg","datePublished":"2024-05-29T06:19:09+00:00","dateModified":"2025-07-10T10:24:07+00:00","breadcrumb":{"@id":"https:\/\/www.dolfin.be\/de\/produkt\/72-kakao-200g\/#breadcrumb"},"inLanguage":"de","potentialAction":[{"@type":"ReadAction","target":["https:\/\/www.dolfin.be\/de\/produkt\/72-kakao-200g\/"]}]},{"@type":"ImageObject","inLanguage":"de","@id":"https:\/\/www.dolfin.be\/de\/produkt\/72-kakao-200g\/#primaryimage","url":"https:\/\/www.dolfin.be\/wp-content\/uploads\/2024\/05\/TO1010_face.jpg","contentUrl":"https:\/\/www.dolfin.be\/wp-content\/uploads\/2024\/05\/TO1010_face.jpg","width":1001,"height":1669},{"@type":"BreadcrumbList","@id":"https:\/\/www.dolfin.be\/de\/produkt\/72-kakao-200g\/#breadcrumb","itemListElement":[{"@type":"ListItem","position":1,"name":"Accueil","item":"https:\/\/www.dolfin.be\/de\/"},{"@type":"ListItem","position":2,"name":"Unsere Produkte","item":"https:\/\/www.dolfin.be\/de\/unsere-produkte\/"},{"@type":"ListItem","position":3,"name":"72% Kakao (200g)"}]},{"@type":"WebSite","@id":"https:\/\/www.dolfin.be\/de\/#website","url":"https:\/\/www.dolfin.be\/de\/","name":"Dolfin","description":"","potentialAction":[{"@type":"SearchAction","target":{"@type":"EntryPoint","urlTemplate":"https:\/\/www.dolfin.be\/de\/?s={search_term_string}"},"query-input":{"@type":"PropertyValueSpecification","valueRequired":true,"valueName":"search_term_string"}}],"inLanguage":"de"}]}},"_links":{"self":[{"href":"https:\/\/www.dolfin.be\/de\/wp-json\/wp\/v2\/product\/14570","targetHints":{"allow":["GET"]}}],"collection":[{"href":"https:\/\/www.dolfin.be\/de\/wp-json\/wp\/v2\/product"}],"about":[{"href":"https:\/\/www.dolfin.be\/de\/wp-json\/wp\/v2\/types\/product"}],"wp:featuredmedia":[{"embeddable":true,"href":"https:\/\/www.dolfin.be\/de\/wp-json\/wp\/v2\/media\/13805"}],"wp:attachment":[{"href":"https:\/\/www.dolfin.be\/de\/wp-json\/wp\/v2\/media?parent=14570"}],"wp:term":[{"taxonomy":"product_brand","embeddable":true,"href":"https:\/\/www.dolfin.be\/de\/wp-json\/wp\/v2\/product_brand?post=14570"},{"taxonomy":"product_cat","embeddable":true,"href":"https:\/\/www.dolfin.be\/de\/wp-json\/wp\/v2\/product_cat?post=14570"},{"taxonomy":"product_tag","embeddable":true,"href":"https:\/\/www.dolfin.be\/de\/wp-json\/wp\/v2\/product_tag?post=14570"}],"curies":[{"name":"wp","href":"https:\/\/api.w.org\/{rel}","templated":true}]}}