{"id":14499,"date":"2024-05-29T08:18:20","date_gmt":"2024-05-29T06:18:20","guid":{"rendered":"https:\/\/www.dolfin.be\/?post_type=product&#038;p=14499"},"modified":"2025-07-10T12:15:10","modified_gmt":"2025-07-10T10:15:10","slug":"lose-schokoladen-minitafeln-72-kakao","status":"publish","type":"product","link":"https:\/\/www.dolfin.be\/de\/produkt\/lose-schokoladen-minitafeln-72-kakao\/","title":{"rendered":"Lose Schokoladen-Minitafeln &#8211; 72% Kakao"},"content":{"rendered":"<p>Hier ist eine mit gro\u00dfer Sorgfalt und Z\u00e4rtlichkeit gearbeitete Schokolade. Seine Einfachheit wird durch braunen Zucker mit einem wilderen Ausdruck verst\u00e4rkt.<\/p>\n<p><strong>Zutaten <\/strong>: Kakaopaste *, Rohrzucker *, Kakaobutter *, Vanille *. Kakao : 72% mindestens. Kann N\u00fcsse, Milch, Soja, Eiern, Gluten und Sesam enthalten. * Produkte aus \u00f6kologischem Landbau &#8211; CERTISYS-BE-BIO-01 Kontrolle &#8211; www.certisys.eu. &#8211; Fairtrade-Kakao, Zucker und Vanille. Gesamtanteil 100%. Visit info.fairtrade.net\/sourcing.<\/p>\n","protected":false},"excerpt":{"rendered":"<p>Hier ist eine mit gro\u00dfer Sorgfalt und Z\u00e4rtlichkeit gearbeitete Schokolade. Seine Einfachheit wird durch braunen Zucker mit einem wilderen Ausdruck verst\u00e4rkt.<\/p>\n","protected":false},"featured_media":13852,"template":"","meta":{"_acf_changed":false,"_et_pb_use_builder":"","_et_pb_old_content":"","_et_gb_content_width":"","inline_featured_image":false},"product_brand":[],"product_cat":[575,574,571],"product_tag":[],"class_list":{"0":"post-14499","1":"product","2":"type-product","3":"status-publish","4":"has-post-thumbnail","6":"product_cat-schokolade-minitafeln-bulk-boxen","7":"product_cat-sortimente-de-2","8":"product_cat-tohi-de","9":"pa_kakaogehalt-72-kakao","11":"first","12":"instock","13":"purchasable","14":"product-type-simple"},"acf":[],"yoast_head":"<!-- This site is optimized with the Yoast SEO plugin v27.4 - https:\/\/yoast.com\/product\/yoast-seo-wordpress\/ -->\n<title>Lose Schokoladen-Minitafeln - 72% Kakao | Dolfin<\/title>\n<meta name=\"robots\" content=\"index, follow, max-snippet:-1, max-image-preview:large, max-video-preview:-1\" \/>\n<link rel=\"canonical\" href=\"https:\/\/www.dolfin.be\/de\/produkt\/lose-schokoladen-minitafeln-72-kakao\/\" \/>\n<meta property=\"og:locale\" content=\"de_DE\" \/>\n<meta property=\"og:type\" content=\"article\" \/>\n<meta property=\"og:title\" content=\"Lose Schokoladen-Minitafeln - 72% Kakao | Dolfin\" \/>\n<meta property=\"og:description\" content=\"Hier ist eine mit gro\u00dfer Sorgfalt und Z\u00e4rtlichkeit gearbeitete Schokolade. Seine Einfachheit wird durch braunen Zucker mit einem wilderen Ausdruck verst\u00e4rkt.\" \/>\n<meta property=\"og:url\" content=\"https:\/\/www.dolfin.be\/de\/produkt\/lose-schokoladen-minitafeln-72-kakao\/\" \/>\n<meta property=\"og:site_name\" content=\"Dolfin\" \/>\n<meta property=\"article:modified_time\" content=\"2025-07-10T10:15:10+00:00\" \/>\n<meta property=\"og:image\" content=\"https:\/\/www.dolfin.be\/wp-content\/uploads\/2024\/05\/TO1027_boite-1.jpg\" \/>\n\t<meta property=\"og:image:width\" content=\"1001\" \/>\n\t<meta property=\"og:image:height\" content=\"1001\" \/>\n\t<meta property=\"og:image:type\" content=\"image\/jpeg\" \/>\n<meta name=\"twitter:card\" content=\"summary_large_image\" \/>\n<meta name=\"twitter:label1\" content=\"Gesch\u00e4tzte Lesezeit\" \/>\n\t<meta name=\"twitter:data1\" content=\"1\u00a0Minute\" \/>\n<script type=\"application\/ld+json\" class=\"yoast-schema-graph\">{\"@context\":\"https:\\\/\\\/schema.org\",\"@graph\":[{\"@type\":\"WebPage\",\"@id\":\"https:\\\/\\\/www.dolfin.be\\\/de\\\/produkt\\\/lose-schokoladen-minitafeln-72-kakao\\\/\",\"url\":\"https:\\\/\\\/www.dolfin.be\\\/de\\\/produkt\\\/lose-schokoladen-minitafeln-72-kakao\\\/\",\"name\":\"Lose Schokoladen-Minitafeln - 72% Kakao | Dolfin\",\"isPartOf\":{\"@id\":\"https:\\\/\\\/www.dolfin.be\\\/de\\\/#website\"},\"primaryImageOfPage\":{\"@id\":\"https:\\\/\\\/www.dolfin.be\\\/de\\\/produkt\\\/lose-schokoladen-minitafeln-72-kakao\\\/#primaryimage\"},\"image\":{\"@id\":\"https:\\\/\\\/www.dolfin.be\\\/de\\\/produkt\\\/lose-schokoladen-minitafeln-72-kakao\\\/#primaryimage\"},\"thumbnailUrl\":\"https:\\\/\\\/www.dolfin.be\\\/wp-content\\\/uploads\\\/2024\\\/05\\\/TO1027_boite-1.jpg\",\"datePublished\":\"2024-05-29T06:18:20+00:00\",\"dateModified\":\"2025-07-10T10:15:10+00:00\",\"breadcrumb\":{\"@id\":\"https:\\\/\\\/www.dolfin.be\\\/de\\\/produkt\\\/lose-schokoladen-minitafeln-72-kakao\\\/#breadcrumb\"},\"inLanguage\":\"de\",\"potentialAction\":[{\"@type\":\"ReadAction\",\"target\":[\"https:\\\/\\\/www.dolfin.be\\\/de\\\/produkt\\\/lose-schokoladen-minitafeln-72-kakao\\\/\"]}]},{\"@type\":\"ImageObject\",\"inLanguage\":\"de\",\"@id\":\"https:\\\/\\\/www.dolfin.be\\\/de\\\/produkt\\\/lose-schokoladen-minitafeln-72-kakao\\\/#primaryimage\",\"url\":\"https:\\\/\\\/www.dolfin.be\\\/wp-content\\\/uploads\\\/2024\\\/05\\\/TO1027_boite-1.jpg\",\"contentUrl\":\"https:\\\/\\\/www.dolfin.be\\\/wp-content\\\/uploads\\\/2024\\\/05\\\/TO1027_boite-1.jpg\",\"width\":1001,\"height\":1001},{\"@type\":\"BreadcrumbList\",\"@id\":\"https:\\\/\\\/www.dolfin.be\\\/de\\\/produkt\\\/lose-schokoladen-minitafeln-72-kakao\\\/#breadcrumb\",\"itemListElement\":[{\"@type\":\"ListItem\",\"position\":1,\"name\":\"Accueil\",\"item\":\"https:\\\/\\\/www.dolfin.be\\\/de\\\/\"},{\"@type\":\"ListItem\",\"position\":2,\"name\":\"Unsere Produkte\",\"item\":\"https:\\\/\\\/www.dolfin.be\\\/de\\\/unsere-produkte\\\/\"},{\"@type\":\"ListItem\",\"position\":3,\"name\":\"Lose Schokoladen-Minitafeln &#8211; 72% Kakao\"}]},{\"@type\":\"WebSite\",\"@id\":\"https:\\\/\\\/www.dolfin.be\\\/de\\\/#website\",\"url\":\"https:\\\/\\\/www.dolfin.be\\\/de\\\/\",\"name\":\"Dolfin\",\"description\":\"\",\"potentialAction\":[{\"@type\":\"SearchAction\",\"target\":{\"@type\":\"EntryPoint\",\"urlTemplate\":\"https:\\\/\\\/www.dolfin.be\\\/de\\\/?s={search_term_string}\"},\"query-input\":{\"@type\":\"PropertyValueSpecification\",\"valueRequired\":true,\"valueName\":\"search_term_string\"}}],\"inLanguage\":\"de\"}]}<\/script>\n<!-- \/ Yoast SEO plugin. -->","yoast_head_json":{"title":"Lose Schokoladen-Minitafeln - 72% Kakao | Dolfin","robots":{"index":"index","follow":"follow","max-snippet":"max-snippet:-1","max-image-preview":"max-image-preview:large","max-video-preview":"max-video-preview:-1"},"canonical":"https:\/\/www.dolfin.be\/de\/produkt\/lose-schokoladen-minitafeln-72-kakao\/","og_locale":"de_DE","og_type":"article","og_title":"Lose Schokoladen-Minitafeln - 72% Kakao | Dolfin","og_description":"Hier ist eine mit gro\u00dfer Sorgfalt und Z\u00e4rtlichkeit gearbeitete Schokolade. Seine Einfachheit wird durch braunen Zucker mit einem wilderen Ausdruck verst\u00e4rkt.","og_url":"https:\/\/www.dolfin.be\/de\/produkt\/lose-schokoladen-minitafeln-72-kakao\/","og_site_name":"Dolfin","article_modified_time":"2025-07-10T10:15:10+00:00","og_image":[{"width":1001,"height":1001,"url":"https:\/\/www.dolfin.be\/wp-content\/uploads\/2024\/05\/TO1027_boite-1.jpg","type":"image\/jpeg"}],"twitter_card":"summary_large_image","twitter_misc":{"Gesch\u00e4tzte Lesezeit":"1\u00a0Minute"},"schema":{"@context":"https:\/\/schema.org","@graph":[{"@type":"WebPage","@id":"https:\/\/www.dolfin.be\/de\/produkt\/lose-schokoladen-minitafeln-72-kakao\/","url":"https:\/\/www.dolfin.be\/de\/produkt\/lose-schokoladen-minitafeln-72-kakao\/","name":"Lose Schokoladen-Minitafeln - 72% Kakao | Dolfin","isPartOf":{"@id":"https:\/\/www.dolfin.be\/de\/#website"},"primaryImageOfPage":{"@id":"https:\/\/www.dolfin.be\/de\/produkt\/lose-schokoladen-minitafeln-72-kakao\/#primaryimage"},"image":{"@id":"https:\/\/www.dolfin.be\/de\/produkt\/lose-schokoladen-minitafeln-72-kakao\/#primaryimage"},"thumbnailUrl":"https:\/\/www.dolfin.be\/wp-content\/uploads\/2024\/05\/TO1027_boite-1.jpg","datePublished":"2024-05-29T06:18:20+00:00","dateModified":"2025-07-10T10:15:10+00:00","breadcrumb":{"@id":"https:\/\/www.dolfin.be\/de\/produkt\/lose-schokoladen-minitafeln-72-kakao\/#breadcrumb"},"inLanguage":"de","potentialAction":[{"@type":"ReadAction","target":["https:\/\/www.dolfin.be\/de\/produkt\/lose-schokoladen-minitafeln-72-kakao\/"]}]},{"@type":"ImageObject","inLanguage":"de","@id":"https:\/\/www.dolfin.be\/de\/produkt\/lose-schokoladen-minitafeln-72-kakao\/#primaryimage","url":"https:\/\/www.dolfin.be\/wp-content\/uploads\/2024\/05\/TO1027_boite-1.jpg","contentUrl":"https:\/\/www.dolfin.be\/wp-content\/uploads\/2024\/05\/TO1027_boite-1.jpg","width":1001,"height":1001},{"@type":"BreadcrumbList","@id":"https:\/\/www.dolfin.be\/de\/produkt\/lose-schokoladen-minitafeln-72-kakao\/#breadcrumb","itemListElement":[{"@type":"ListItem","position":1,"name":"Accueil","item":"https:\/\/www.dolfin.be\/de\/"},{"@type":"ListItem","position":2,"name":"Unsere Produkte","item":"https:\/\/www.dolfin.be\/de\/unsere-produkte\/"},{"@type":"ListItem","position":3,"name":"Lose Schokoladen-Minitafeln &#8211; 72% Kakao"}]},{"@type":"WebSite","@id":"https:\/\/www.dolfin.be\/de\/#website","url":"https:\/\/www.dolfin.be\/de\/","name":"Dolfin","description":"","potentialAction":[{"@type":"SearchAction","target":{"@type":"EntryPoint","urlTemplate":"https:\/\/www.dolfin.be\/de\/?s={search_term_string}"},"query-input":{"@type":"PropertyValueSpecification","valueRequired":true,"valueName":"search_term_string"}}],"inLanguage":"de"}]}},"_links":{"self":[{"href":"https:\/\/www.dolfin.be\/de\/wp-json\/wp\/v2\/product\/14499","targetHints":{"allow":["GET"]}}],"collection":[{"href":"https:\/\/www.dolfin.be\/de\/wp-json\/wp\/v2\/product"}],"about":[{"href":"https:\/\/www.dolfin.be\/de\/wp-json\/wp\/v2\/types\/product"}],"wp:featuredmedia":[{"embeddable":true,"href":"https:\/\/www.dolfin.be\/de\/wp-json\/wp\/v2\/media\/13852"}],"wp:attachment":[{"href":"https:\/\/www.dolfin.be\/de\/wp-json\/wp\/v2\/media?parent=14499"}],"wp:term":[{"taxonomy":"product_brand","embeddable":true,"href":"https:\/\/www.dolfin.be\/de\/wp-json\/wp\/v2\/product_brand?post=14499"},{"taxonomy":"product_cat","embeddable":true,"href":"https:\/\/www.dolfin.be\/de\/wp-json\/wp\/v2\/product_cat?post=14499"},{"taxonomy":"product_tag","embeddable":true,"href":"https:\/\/www.dolfin.be\/de\/wp-json\/wp\/v2\/product_tag?post=14499"}],"curies":[{"name":"wp","href":"https:\/\/api.w.org\/{rel}","templated":true}]}}