{"id":8773,"date":"2022-08-19T14:10:33","date_gmt":"2022-08-19T12:10:33","guid":{"rendered":"https:\/\/dolfin.poush-dev.be\/legal-information\/"},"modified":"2024-03-26T12:30:00","modified_gmt":"2024-03-26T11:30:00","slug":"rechtliche-hinweise","status":"publish","type":"page","link":"https:\/\/www.dolfin.be\/de\/rechtliche-hinweise\/","title":{"rendered":"Rechtliche Hinweise"},"content":{"rendered":"<p>[et_pb_section fb_built=&#8221;1&#8243; _builder_version=&#8221;4.21.0&#8243; _module_preset=&#8221;default&#8221; global_colors_info=&#8221;{}&#8221;][et_pb_row _builder_version=&#8221;4.21.0&#8243; _module_preset=&#8221;default&#8221; global_colors_info=&#8221;{}&#8221;][et_pb_column type=&#8221;4_4&#8243; _builder_version=&#8221;4.21.0&#8243; _module_preset=&#8221;default&#8221; global_colors_info=&#8221;{}&#8221;][et_pb_text _builder_version=&#8221;4.23.1&#8243; _module_preset=&#8221;default&#8221; hover_enabled=&#8221;0&#8243; global_colors_info=&#8221;{}&#8221; sticky_enabled=&#8221;0&#8243;]<\/p>\n<h1>Rechtliche Informationen<\/h1>\n<p>&nbsp;<\/p>\n<h1>\u00dcber uns?<\/h1>\n<p>&nbsp;<\/p>\n<p><strong>DOLFIN<\/strong><\/p>\n<p>Belgische Schokolade von h\u00f6chster Qualit\u00e4t.<\/p>\n<p>&nbsp;<\/p>\n<p><strong>Auftrag<\/strong><\/p>\n<p>Unsere Kunden mit Schokolade von h\u00f6chster Qualit\u00e4t zufriedenstellen. Ma\u00dfnahmen f\u00fcr die Zukunft unseres Planeten ergreifen. Das Wohlbefinden und die Lebensmittelsicherheit respektieren.<\/p>\n<p>&nbsp;<\/p>\n<p><strong>Kontakt<\/strong><\/p>\n<p>DOLFIN<\/p>\n<p>172 Avenue Robert Schuman 1401 Baulers (Nivelles) Belgien<\/p>\n<p>&nbsp;<\/p>\n<p>+32 (0)2 366 24 24<\/p>\n<p>info@dolfin.be<\/p>\n<p>BE0437.332.220<\/p>\n<p>&nbsp;<\/p>\n<p>DOLFIN verpflichtet sich, die in Belgien und Europa geltenden Rechtsvorschriften einzuhalten, und ergreift alle erforderlichen Ma\u00dfnahmen, um eine unbefugte oder unrechtm\u00e4\u00dfige Verwendung Ihrer pers\u00f6nlichen Daten zu verhindern. Wir verwenden daher geeignete Verfahren und Systeme, um sicherzustellen, dass nur Personen, die dazu berechtigt sind, auf Ihre Daten zugreifen k\u00f6nnen. Wir m\u00f6chten Sie auch darauf hinweisen, dass diese Personen im Rahmen ihres Besch\u00e4ftigungsverh\u00e4ltnisses zur Vertraulichkeit verpflichtet sind.<\/p>\n<p>[\/et_pb_text][\/et_pb_column][\/et_pb_row][\/et_pb_section]<\/p>\n","protected":false},"excerpt":{"rendered":"<p>Rechtliche Informationen &nbsp; \u00dcber uns? &nbsp; DOLFIN Belgische Schokolade von h\u00f6chster Qualit\u00e4t. &nbsp; Auftrag Unsere Kunden mit Schokolade von h\u00f6chster Qualit\u00e4t zufriedenstellen. Ma\u00dfnahmen f\u00fcr die Zukunft unseres Planeten ergreifen. Das Wohlbefinden und die Lebensmittelsicherheit respektieren. &nbsp; Kontakt DOLFIN 172 Avenue Robert Schuman 1401 Baulers (Nivelles) Belgien &nbsp; +32 (0)2 366 24 24 info@dolfin.be BE0437.332.220 &nbsp; DOLFIN verpflichtet sich, die in Belgien und Europa geltenden Rechtsvorschriften einzuhalten, und ergreift alle erforderlichen Ma\u00dfnahmen, um eine unbefugte oder unrechtm\u00e4\u00dfige Verwendung Ihrer pers\u00f6nlichen Daten zu verhindern. Wir verwenden daher geeignete Verfahren und Systeme, um sicherzustellen, dass nur Personen, die dazu berechtigt sind, auf Ihre Daten zugreifen k\u00f6nnen. Wir m\u00f6chten Sie auch darauf hinweisen, dass diese Personen im Rahmen ihres Besch\u00e4ftigungsverh\u00e4ltnisses zur Vertraulichkeit verpflichtet sind.<\/p>\n","protected":false},"author":1,"featured_media":0,"parent":0,"menu_order":1000,"comment_status":"closed","ping_status":"closed","template":"","meta":{"_acf_changed":false,"_et_pb_use_builder":"on","_et_pb_old_content":"","_et_gb_content_width":"","inline_featured_image":false,"footnotes":""},"class_list":["post-8773","page","type-page","status-publish","hentry"],"acf":[],"yoast_head":"<!-- This site is optimized with the Yoast SEO plugin v27.4 - https:\/\/yoast.com\/product\/yoast-seo-wordpress\/ -->\n<title>Rechtliche Hinweise | Dolfin<\/title>\n<meta name=\"robots\" content=\"index, follow, max-snippet:-1, max-image-preview:large, max-video-preview:-1\" \/>\n<link rel=\"canonical\" href=\"https:\/\/www.dolfin.be\/de\/rechtliche-hinweise\/\" \/>\n<meta property=\"og:locale\" content=\"de_DE\" \/>\n<meta property=\"og:type\" content=\"article\" \/>\n<meta property=\"og:title\" content=\"Rechtliche Hinweise | Dolfin\" \/>\n<meta property=\"og:description\" content=\"Rechtliche Informationen &nbsp; \u00dcber uns? &nbsp; DOLFIN Belgische Schokolade von h\u00f6chster Qualit\u00e4t. &nbsp; Auftrag Unsere Kunden mit Schokolade von h\u00f6chster Qualit\u00e4t zufriedenstellen. Ma\u00dfnahmen f\u00fcr die Zukunft unseres Planeten ergreifen. Das Wohlbefinden und die Lebensmittelsicherheit respektieren. &nbsp; Kontakt DOLFIN 172 Avenue Robert Schuman 1401 Baulers (Nivelles) Belgien &nbsp; +32 (0)2 366 24 24 info@dolfin.be BE0437.332.220 &nbsp; DOLFIN verpflichtet sich, die in Belgien und Europa geltenden Rechtsvorschriften einzuhalten, und ergreift alle erforderlichen Ma\u00dfnahmen, um eine unbefugte oder unrechtm\u00e4\u00dfige Verwendung Ihrer pers\u00f6nlichen Daten zu verhindern. Wir verwenden daher geeignete Verfahren und Systeme, um sicherzustellen, dass nur Personen, die dazu berechtigt sind, auf Ihre Daten zugreifen k\u00f6nnen. Wir m\u00f6chten Sie auch darauf hinweisen, dass diese Personen im Rahmen ihres Besch\u00e4ftigungsverh\u00e4ltnisses zur Vertraulichkeit verpflichtet sind.\" \/>\n<meta property=\"og:url\" content=\"https:\/\/www.dolfin.be\/de\/rechtliche-hinweise\/\" \/>\n<meta property=\"og:site_name\" content=\"Dolfin\" \/>\n<meta property=\"article:modified_time\" content=\"2024-03-26T11:30:00+00:00\" \/>\n<meta name=\"twitter:card\" content=\"summary_large_image\" \/>\n<meta name=\"twitter:label1\" content=\"Gesch\u00e4tzte Lesezeit\" \/>\n\t<meta name=\"twitter:data1\" content=\"1\u00a0Minute\" \/>\n<script type=\"application\/ld+json\" class=\"yoast-schema-graph\">{\"@context\":\"https:\\\/\\\/schema.org\",\"@graph\":[{\"@type\":\"WebPage\",\"@id\":\"https:\\\/\\\/www.dolfin.be\\\/de\\\/rechtliche-hinweise\\\/\",\"url\":\"https:\\\/\\\/www.dolfin.be\\\/de\\\/rechtliche-hinweise\\\/\",\"name\":\"Rechtliche Hinweise | Dolfin\",\"isPartOf\":{\"@id\":\"https:\\\/\\\/www.dolfin.be\\\/de\\\/#website\"},\"datePublished\":\"2022-08-19T12:10:33+00:00\",\"dateModified\":\"2024-03-26T11:30:00+00:00\",\"breadcrumb\":{\"@id\":\"https:\\\/\\\/www.dolfin.be\\\/de\\\/rechtliche-hinweise\\\/#breadcrumb\"},\"inLanguage\":\"de\",\"potentialAction\":[{\"@type\":\"ReadAction\",\"target\":[\"https:\\\/\\\/www.dolfin.be\\\/de\\\/rechtliche-hinweise\\\/\"]}]},{\"@type\":\"BreadcrumbList\",\"@id\":\"https:\\\/\\\/www.dolfin.be\\\/de\\\/rechtliche-hinweise\\\/#breadcrumb\",\"itemListElement\":[{\"@type\":\"ListItem\",\"position\":1,\"name\":\"Accueil\",\"item\":\"https:\\\/\\\/www.dolfin.be\\\/de\\\/\"},{\"@type\":\"ListItem\",\"position\":2,\"name\":\"Rechtliche Hinweise\"}]},{\"@type\":\"WebSite\",\"@id\":\"https:\\\/\\\/www.dolfin.be\\\/de\\\/#website\",\"url\":\"https:\\\/\\\/www.dolfin.be\\\/de\\\/\",\"name\":\"Dolfin\",\"description\":\"\",\"potentialAction\":[{\"@type\":\"SearchAction\",\"target\":{\"@type\":\"EntryPoint\",\"urlTemplate\":\"https:\\\/\\\/www.dolfin.be\\\/de\\\/?s={search_term_string}\"},\"query-input\":{\"@type\":\"PropertyValueSpecification\",\"valueRequired\":true,\"valueName\":\"search_term_string\"}}],\"inLanguage\":\"de\"}]}<\/script>\n<!-- \/ Yoast SEO plugin. -->","yoast_head_json":{"title":"Rechtliche Hinweise | Dolfin","robots":{"index":"index","follow":"follow","max-snippet":"max-snippet:-1","max-image-preview":"max-image-preview:large","max-video-preview":"max-video-preview:-1"},"canonical":"https:\/\/www.dolfin.be\/de\/rechtliche-hinweise\/","og_locale":"de_DE","og_type":"article","og_title":"Rechtliche Hinweise | Dolfin","og_description":"Rechtliche Informationen &nbsp; \u00dcber uns? &nbsp; DOLFIN Belgische Schokolade von h\u00f6chster Qualit\u00e4t. &nbsp; Auftrag Unsere Kunden mit Schokolade von h\u00f6chster Qualit\u00e4t zufriedenstellen. Ma\u00dfnahmen f\u00fcr die Zukunft unseres Planeten ergreifen. Das Wohlbefinden und die Lebensmittelsicherheit respektieren. &nbsp; Kontakt DOLFIN 172 Avenue Robert Schuman 1401 Baulers (Nivelles) Belgien &nbsp; +32 (0)2 366 24 24 info@dolfin.be BE0437.332.220 &nbsp; DOLFIN verpflichtet sich, die in Belgien und Europa geltenden Rechtsvorschriften einzuhalten, und ergreift alle erforderlichen Ma\u00dfnahmen, um eine unbefugte oder unrechtm\u00e4\u00dfige Verwendung Ihrer pers\u00f6nlichen Daten zu verhindern. Wir verwenden daher geeignete Verfahren und Systeme, um sicherzustellen, dass nur Personen, die dazu berechtigt sind, auf Ihre Daten zugreifen k\u00f6nnen. Wir m\u00f6chten Sie auch darauf hinweisen, dass diese Personen im Rahmen ihres Besch\u00e4ftigungsverh\u00e4ltnisses zur Vertraulichkeit verpflichtet sind.","og_url":"https:\/\/www.dolfin.be\/de\/rechtliche-hinweise\/","og_site_name":"Dolfin","article_modified_time":"2024-03-26T11:30:00+00:00","twitter_card":"summary_large_image","twitter_misc":{"Gesch\u00e4tzte Lesezeit":"1\u00a0Minute"},"schema":{"@context":"https:\/\/schema.org","@graph":[{"@type":"WebPage","@id":"https:\/\/www.dolfin.be\/de\/rechtliche-hinweise\/","url":"https:\/\/www.dolfin.be\/de\/rechtliche-hinweise\/","name":"Rechtliche Hinweise | Dolfin","isPartOf":{"@id":"https:\/\/www.dolfin.be\/de\/#website"},"datePublished":"2022-08-19T12:10:33+00:00","dateModified":"2024-03-26T11:30:00+00:00","breadcrumb":{"@id":"https:\/\/www.dolfin.be\/de\/rechtliche-hinweise\/#breadcrumb"},"inLanguage":"de","potentialAction":[{"@type":"ReadAction","target":["https:\/\/www.dolfin.be\/de\/rechtliche-hinweise\/"]}]},{"@type":"BreadcrumbList","@id":"https:\/\/www.dolfin.be\/de\/rechtliche-hinweise\/#breadcrumb","itemListElement":[{"@type":"ListItem","position":1,"name":"Accueil","item":"https:\/\/www.dolfin.be\/de\/"},{"@type":"ListItem","position":2,"name":"Rechtliche Hinweise"}]},{"@type":"WebSite","@id":"https:\/\/www.dolfin.be\/de\/#website","url":"https:\/\/www.dolfin.be\/de\/","name":"Dolfin","description":"","potentialAction":[{"@type":"SearchAction","target":{"@type":"EntryPoint","urlTemplate":"https:\/\/www.dolfin.be\/de\/?s={search_term_string}"},"query-input":{"@type":"PropertyValueSpecification","valueRequired":true,"valueName":"search_term_string"}}],"inLanguage":"de"}]}},"_links":{"self":[{"href":"https:\/\/www.dolfin.be\/de\/wp-json\/wp\/v2\/pages\/8773","targetHints":{"allow":["GET"]}}],"collection":[{"href":"https:\/\/www.dolfin.be\/de\/wp-json\/wp\/v2\/pages"}],"about":[{"href":"https:\/\/www.dolfin.be\/de\/wp-json\/wp\/v2\/types\/page"}],"author":[{"embeddable":true,"href":"https:\/\/www.dolfin.be\/de\/wp-json\/wp\/v2\/users\/1"}],"replies":[{"embeddable":true,"href":"https:\/\/www.dolfin.be\/de\/wp-json\/wp\/v2\/comments?post=8773"}],"version-history":[{"count":4,"href":"https:\/\/www.dolfin.be\/de\/wp-json\/wp\/v2\/pages\/8773\/revisions"}],"predecessor-version":[{"id":9292,"href":"https:\/\/www.dolfin.be\/de\/wp-json\/wp\/v2\/pages\/8773\/revisions\/9292"}],"wp:attachment":[{"href":"https:\/\/www.dolfin.be\/de\/wp-json\/wp\/v2\/media?parent=8773"}],"curies":[{"name":"wp","href":"https:\/\/api.w.org\/{rel}","templated":true}]}}