{"id":8744,"date":"2024-03-12T11:03:03","date_gmt":"2024-03-12T10:03:03","guid":{"rendered":"https:\/\/dolfin.poush-dev.be\/catalogue-b2b\/"},"modified":"2024-03-21T10:46:16","modified_gmt":"2024-03-21T09:46:16","slug":"b2b-katalog","status":"publish","type":"page","link":"https:\/\/www.dolfin.be\/de\/b2b-katalog\/","title":{"rendered":"B2B-Katalog"},"content":{"rendered":"<p>[et_pb_section fb_built=&#8221;1&#8243; _builder_version=&#8221;4.23.1&#8243; _module_preset=&#8221;034606c6-129b-4ebd-8680-be801f49a5b8&#8243; background_color=&#8221;gcid-a3629afc-e664-45aa-aa36-0e441b8d1878&#8243; background_image=&#8221;https:\/\/www.dolfin.be\/wp-content\/uploads\/2024\/03\/DOLFIN-revendeurs-02.jpg&#8221; overflow-x=&#8221;visible&#8221; overflow-y=&#8221;visible&#8221; custom_margin=&#8221;||||false|false&#8221; global_colors_info=&#8221;{%22gcid-a3629afc-e664-45aa-aa36-0e441b8d1878%22:%91%22background_color%22%93}&#8221;][et_pb_row _builder_version=&#8221;4.22.1&#8243; _module_preset=&#8221;default&#8221; global_colors_info=&#8221;{}&#8221;][et_pb_column type=&#8221;4_4&#8243; _builder_version=&#8221;4.22.1&#8243; _module_preset=&#8221;default&#8221; global_colors_info=&#8221;{}&#8221;][et_pb_divider show_divider=&#8221;off&#8221; _builder_version=&#8221;4.22.1&#8243; _module_preset=&#8221;default&#8221; hover_enabled=&#8221;0&#8243; global_colors_info=&#8221;{}&#8221; sticky_enabled=&#8221;0&#8243;][\/et_pb_divider][\/et_pb_column][\/et_pb_row][\/et_pb_section][et_pb_section fb_built=&#8221;1&#8243; _builder_version=&#8221;4.22.1&#8243; _module_preset=&#8221;default&#8221; global_colors_info=&#8221;{}&#8221;][et_pb_row _builder_version=&#8221;4.22.1&#8243; _module_preset=&#8221;default&#8221; global_colors_info=&#8221;{}&#8221;][et_pb_column type=&#8221;4_4&#8243; _builder_version=&#8221;4.22.1&#8243; _module_preset=&#8221;default&#8221; global_colors_info=&#8221;{}&#8221;][et_pb_text _builder_version=&#8221;4.23.1&#8243; _module_preset=&#8221;5298e62e-f7ac-4dd9-b361-006fc4da68de&#8221; text_text_color=&#8221;gcid-af292591-64bd-42d9-897b-91cef5aa2cb4&#8243; text_font_size=&#8221;22px&#8221; text_orientation=&#8221;center&#8221; hover_enabled=&#8221;0&#8243; text_font_size_tablet=&#8221;22px&#8221; text_font_size_phone=&#8221;22px&#8221; global_colors_info=&#8221;{%22gcid-af292591-64bd-42d9-897b-91cef5aa2cb4%22:%91%22text_text_color%22%93}&#8221; sticky_enabled=&#8221;0&#8243;]<\/p>\n<h1>Unser B2B-Katalog<\/h1>\n<p>[\/et_pb_text][dsm_icon_divider image=&#8221;https:\/\/www.dolfin.be\/wp-content\/uploads\/2023\/07\/DOLFIN-couronne.png&#8221; _builder_version=&#8221;4.21.0&#8243; _module_preset=&#8221;76727f67-c2a4-43e1-9c60-cd5c533de8b3&#8243; global_colors_info=&#8221;{}&#8221;][\/dsm_icon_divider][et_pb_text _builder_version=&#8221;4.23.1&#8243; _module_preset=&#8221;default&#8221; text_orientation=&#8221;center&#8221; max_width=&#8221;700px&#8221; module_alignment=&#8221;center&#8221; hover_enabled=&#8221;0&#8243; global_colors_info=&#8221;{}&#8221; sticky_enabled=&#8221;0&#8243;]<\/p>\n<p>M\u00f6chten Sie die gesamte Produktpalette von Dolfin entdecken? Werfen Sie einen Blick in unseren <strong>B2B-Katalog<\/strong> mit unserer <strong>vielf\u00e4ltigen Auswahl an traditionellen belgischen Schokoladen<\/strong>.<\/p>\n<p>[\/et_pb_text][\/et_pb_column][\/et_pb_row][et_pb_row _builder_version=&#8221;4.23.1&#8243; _module_preset=&#8221;default&#8221; max_width=&#8221;700px&#8221; custom_margin=&#8221;||50px||false|false&#8221; global_colors_info=&#8221;{}&#8221;][et_pb_column type=&#8221;4_4&#8243; _builder_version=&#8221;4.22.1&#8243; _module_preset=&#8221;default&#8221; global_colors_info=&#8221;{}&#8221;][et_pb_text _builder_version=&#8221;4.23.1&#8243; _module_preset=&#8221;default&#8221; text_orientation=&#8221;center&#8221; hover_enabled=&#8221;0&#8243; global_colors_info=&#8221;{}&#8221; sticky_enabled=&#8221;0&#8243;]<\/p>\n<h2>Entdecken Sie unseren B2B-Katalog<\/h2>\n<p>[\/et_pb_text][et_pb_text _builder_version=&#8221;4.23.1&#8243; _module_preset=&#8221;default&#8221; text_orientation=&#8221;center&#8221; hover_enabled=&#8221;0&#8243; global_colors_info=&#8221;{}&#8221; sticky_enabled=&#8221;0&#8243;]<\/p>\n<p>Unser B2B-Katalog gew\u00e4hrt Ihnen <strong>exklusiven Zugang<\/strong> zu unserem vollst\u00e4ndigen <strong>Sortiment belgischer Schokoladen f\u00fcr Unternehmen und H\u00e4ndler<\/strong>. Von unseren ikonischen Schokoladentafeln bis hin zu Geschenkboxen: <strong>Durchst\u00f6bern Sie das gesamte Sortiment<\/strong> und machen Sie sich mit unseren Produkten vertraut.<\/p>\n<p>[\/et_pb_text][et_pb_button button_text=&#8221;Laden Sie den B2B-Katalog herunter&#8221; button_alignment=&#8221;center&#8221; _builder_version=&#8221;4.23.1&#8243; _module_preset=&#8221;default&#8221; custom_margin=&#8221;50px||||false|false&#8221; hover_enabled=&#8221;0&#8243; global_colors_info=&#8221;{}&#8221; sticky_enabled=&#8221;0&#8243;][\/et_pb_button][\/et_pb_column][\/et_pb_row][et_pb_row use_custom_gutter=&#8221;on&#8221; gutter_width=&#8221;2&#8243; _builder_version=&#8221;4.23.1&#8243; _module_preset=&#8221;default&#8221; max_width=&#8221;800px&#8221; module_alignment=&#8221;center&#8221; global_colors_info=&#8221;{}&#8221;][et_pb_column type=&#8221;4_4&#8243; _builder_version=&#8221;4.23.1&#8243; _module_preset=&#8221;default&#8221; background_color=&#8221;gcid-381b93f3-67ee-41da-91af-409b65dc2d2d&#8221; use_background_color_gradient=&#8221;on&#8221; background_color_gradient_stops=&#8221;gcid-381b93f3-67ee-41da-91af-409b65dc2d2d 0%|gcid-cdfc5e12-aa04-4e46-8d7a-a46e0d249000 100%&#8221; custom_padding=&#8221;50px|30px|50px|30px|true|true&#8221; box_shadow_style=&#8221;preset1&#8243; box_shadow_vertical=&#8221;20px&#8221; box_shadow_blur=&#8221;30px&#8221; box_shadow_color=&#8221;rgba(0,0,0,0.1)&#8221; global_colors_info=&#8221;{%22gcid-381b93f3-67ee-41da-91af-409b65dc2d2d%22:%91%22background_color_gradient_stops%22,%22background_color%22%93,%22gcid-cdfc5e12-aa04-4e46-8d7a-a46e0d249000%22:%91%22background_color_gradient_stops%22%93}&#8221;][et_pb_text _builder_version=&#8221;4.23.1&#8243; _module_preset=&#8221;5298e62e-f7ac-4dd9-b361-006fc4da68de&#8221; text_text_color=&#8221;gcid-af292591-64bd-42d9-897b-91cef5aa2cb4&#8243; text_font_size=&#8221;22px&#8221; text_orientation=&#8221;center&#8221; hover_enabled=&#8221;0&#8243; global_colors_info=&#8221;{%22gcid-af292591-64bd-42d9-897b-91cef5aa2cb4%22:%91%22text_text_color%22,%22text_text_color%22,%22text_text_color%22%93}&#8221; sticky_enabled=&#8221;0&#8243;]<\/p>\n<h2>Bestellen Sie einfach online<\/h2>\n<p>[\/et_pb_text][dsm_icon_divider image=&#8221;https:\/\/www.dolfin.be\/wp-content\/uploads\/2023\/07\/DOLFIN-couronne.png&#8221; _builder_version=&#8221;4.21.0&#8243; _module_preset=&#8221;76727f67-c2a4-43e1-9c60-cd5c533de8b3&#8243; global_colors_info=&#8221;{}&#8221;][\/dsm_icon_divider][et_pb_text _builder_version=&#8221;4.23.1&#8243; _module_preset=&#8221;default&#8221; text_orientation=&#8221;center&#8221; max_width=&#8221;700px&#8221; module_alignment=&#8221;center&#8221; hover_enabled=&#8221;0&#8243; global_colors_info=&#8221;{}&#8221; sticky_enabled=&#8221;0&#8243;]<\/p>\n<p>Sie sind an Produkten aus unserem Katalog interessiert? Schauen Sie in unserem <strong>B2B-Online-Shop<\/strong> vorbei und profitieren Sie von <strong>Sonderkonditionen<\/strong>. Bestellen Sie bequem und schnell \u00fcber unsere Plattform.<\/p>\n<p>[\/et_pb_text][et_pb_button button_url=&#8221;@ET-DC@eyJkeW5hbWljIjp0cnVlLCJjb250ZW50IjoicG9zdF9saW5rX3VybF9wYWdlIiwic2V0dGluZ3MiOnsicG9zdF9pZCI6IjgwOTgifX0=@&#8221; button_text=&#8221;Bestellen Sie Ihre Produkte&#8221; button_alignment=&#8221;center&#8221; _builder_version=&#8221;4.23.1&#8243; _dynamic_attributes=&#8221;button_url&#8221; _module_preset=&#8221;default&#8221; custom_margin=&#8221;50px||||false|false&#8221; hover_enabled=&#8221;0&#8243; global_colors_info=&#8221;{}&#8221; sticky_enabled=&#8221;0&#8243;][\/et_pb_button][\/et_pb_column][\/et_pb_row][\/et_pb_section][et_pb_section fb_built=&#8221;1&#8243; _builder_version=&#8221;4.22.1&#8243; _module_preset=&#8221;default&#8221; background_image=&#8221;https:\/\/www.dolfin.be\/wp-content\/uploads\/2023\/07\/DOLFIN-bg.jpg&#8221; background_size=&#8221;custom&#8221; background_image_width=&#8221;100%&#8221; background_position=&#8221;bottom_center&#8221; custom_margin=&#8221;||||false|false&#8221; custom_padding=&#8221;||180px||false|false&#8221; background_last_edited=&#8221;on|phone&#8221; background_image_width_phone=&#8221;250%&#8221; locked=&#8221;off&#8221; global_colors_info=&#8221;{}&#8221;][et_pb_row column_structure=&#8221;1_5,1_5,1_5,1_5,1_5&#8243; use_custom_gutter=&#8221;on&#8221; gutter_width=&#8221;2&#8243; make_equal=&#8221;on&#8221; _builder_version=&#8221;4.21.0&#8243; _module_preset=&#8221;default&#8221; background_color=&#8221;gcid-381b93f3-67ee-41da-91af-409b65dc2d2d&#8221; custom_margin=&#8221;||||false|false&#8221; custom_padding=&#8221;|30px|50px|30px|false|true&#8221; box_shadow_style=&#8221;preset1&#8243; box_shadow_vertical=&#8221;15px&#8221; box_shadow_blur=&#8221;30px&#8221; box_shadow_spread=&#8221;-6px&#8221; box_shadow_color=&#8221;rgba(0,0,0,0.1)&#8221; saved_tabs=&#8221;all&#8221; global_colors_info=&#8221;{%22gcid-381b93f3-67ee-41da-91af-409b65dc2d2d%22:%91%22background_color%22,%22background_color_gradient_stops%22%93,%22gcid-cdfc5e12-aa04-4e46-8d7a-a46e0d249000%22:%91%22background_color_gradient_stops%22%93}&#8221; global_module=&#8221;8708&#8243; theme_builder_area=&#8221;post_content&#8221;][et_pb_column type=&#8221;1_5&#8243; _builder_version=&#8221;4.21.0&#8243; _module_preset=&#8221;default&#8221; custom_css_main_element=&#8221;max-width: 50%;&#8221; global_colors_info=&#8221;{}&#8221; theme_builder_area=&#8221;post_content&#8221;][et_pb_image src=&#8221;https:\/\/www.dolfin.be\/wp-content\/uploads\/2023\/07\/chocolat-belge-1.svg&#8221; title_text=&#8221;chocolat-belge&#8221; show_bottom_space=&#8221;off&#8221; align=&#8221;center&#8221; _builder_version=&#8221;4.21.0&#8243; _module_preset=&#8221;default&#8221; width=&#8221;70px&#8221; width_tablet=&#8221;&#8221; width_phone=&#8221;50px&#8221; width_last_edited=&#8221;on|phone&#8221; max_width=&#8221;70px&#8221; max_width_tablet=&#8221;&#8221; max_width_phone=&#8221;50px&#8221; max_width_last_edited=&#8221;on|phone&#8221; custom_margin=&#8221;||10px||false|false&#8221; animation_style=&#8221;fade&#8221; global_colors_info=&#8221;{}&#8221; theme_builder_area=&#8221;post_content&#8221;][\/et_pb_image][et_pb_text _builder_version=&#8221;4.23.1&#8243; _module_preset=&#8221;27d07d25-e7df-4862-9abf-a3157e59cb34&#8243; global_colors_info=&#8221;{}&#8221; theme_builder_area=&#8221;post_content&#8221;]<\/p>\n<p>Belgische <br \/>Schokolade<\/p>\n<p>[\/et_pb_text][\/et_pb_column][et_pb_column type=&#8221;1_5&#8243; _builder_version=&#8221;4.21.0&#8243; _module_preset=&#8221;default&#8221; custom_css_main_element=&#8221;max-width: 50%;&#8221; global_colors_info=&#8221;{}&#8221; theme_builder_area=&#8221;post_content&#8221;][et_pb_image src=&#8221;https:\/\/www.dolfin.be\/wp-content\/uploads\/2023\/07\/ingredients-1.svg&#8221; title_text=&#8221;ingredients&#8221; show_bottom_space=&#8221;off&#8221; align=&#8221;center&#8221; _builder_version=&#8221;4.21.0&#8243; _module_preset=&#8221;default&#8221; width=&#8221;70px&#8221; width_tablet=&#8221;&#8221; width_phone=&#8221;50px&#8221; width_last_edited=&#8221;on|phone&#8221; max_width=&#8221;70px&#8221; max_width_tablet=&#8221;&#8221; max_width_phone=&#8221;50px&#8221; max_width_last_edited=&#8221;on|phone&#8221; custom_margin=&#8221;||10px||false|false&#8221; animation_style=&#8221;fade&#8221; global_colors_info=&#8221;{}&#8221; theme_builder_area=&#8221;post_content&#8221;][\/et_pb_image][et_pb_text _builder_version=&#8221;4.23.1&#8243; _module_preset=&#8221;27d07d25-e7df-4862-9abf-a3157e59cb34&#8243; global_colors_info=&#8221;{}&#8221; theme_builder_area=&#8221;post_content&#8221;]<\/p>\n<p>Nat\u00fcrliche <br \/>Zutaten<\/p>\n<p>[\/et_pb_text][\/et_pb_column][et_pb_column type=&#8221;1_5&#8243; _builder_version=&#8221;4.21.0&#8243; _module_preset=&#8221;default&#8221; custom_css_main_element=&#8221;max-width: 50%;&#8221; global_colors_info=&#8221;{}&#8221; theme_builder_area=&#8221;post_content&#8221;][et_pb_image src=&#8221;https:\/\/www.dolfin.be\/wp-content\/uploads\/2023\/07\/livraison-2.svg&#8221; title_text=&#8221;livraison&#8221; show_bottom_space=&#8221;off&#8221; align=&#8221;center&#8221; _builder_version=&#8221;4.21.0&#8243; _module_preset=&#8221;default&#8221; width=&#8221;70px&#8221; width_tablet=&#8221;&#8221; width_phone=&#8221;50px&#8221; width_last_edited=&#8221;on|phone&#8221; max_width=&#8221;70px&#8221; max_width_tablet=&#8221;&#8221; max_width_phone=&#8221;50px&#8221; max_width_last_edited=&#8221;on|phone&#8221; custom_margin=&#8221;||10px||false|false&#8221; animation_style=&#8221;fade&#8221; global_colors_info=&#8221;{}&#8221; theme_builder_area=&#8221;post_content&#8221;][\/et_pb_image][et_pb_text _builder_version=&#8221;4.23.1&#8243; _module_preset=&#8221;27d07d25-e7df-4862-9abf-a3157e59cb34&#8243; global_colors_info=&#8221;{}&#8221; theme_builder_area=&#8221;post_content&#8221;]<\/p>\n<p>Internationaler Versand<\/p>\n<p>[\/et_pb_text][\/et_pb_column][et_pb_column type=&#8221;1_5&#8243; _builder_version=&#8221;4.21.0&#8243; _module_preset=&#8221;default&#8221; custom_css_main_element=&#8221;max-width: 50%;&#8221; global_colors_info=&#8221;{}&#8221; theme_builder_area=&#8221;post_content&#8221;][et_pb_image src=&#8221;https:\/\/www.dolfin.be\/wp-content\/uploads\/2023\/07\/livraison-gratuite.svg&#8221; title_text=&#8221;livraison-gratuite&#8221; show_bottom_space=&#8221;off&#8221; align=&#8221;center&#8221; _builder_version=&#8221;4.21.0&#8243; _module_preset=&#8221;default&#8221; width=&#8221;70px&#8221; width_tablet=&#8221;&#8221; width_phone=&#8221;50px&#8221; width_last_edited=&#8221;on|phone&#8221; max_width=&#8221;70px&#8221; max_width_tablet=&#8221;&#8221; max_width_phone=&#8221;50px&#8221; max_width_last_edited=&#8221;on|phone&#8221; custom_margin=&#8221;||10px||false|false&#8221; animation_style=&#8221;fade&#8221; global_colors_info=&#8221;{}&#8221; theme_builder_area=&#8221;post_content&#8221;][\/et_pb_image][et_pb_text _builder_version=&#8221;4.23.1&#8243; _module_preset=&#8221;27d07d25-e7df-4862-9abf-a3157e59cb34&#8243; global_colors_info=&#8221;{}&#8221; theme_builder_area=&#8221;post_content&#8221;]<\/p>\n<p>Kostenloser Versand <br \/>ab 50 \u20ac<\/p>\n<p>[\/et_pb_text][\/et_pb_column][et_pb_column type=&#8221;1_5&#8243; _builder_version=&#8221;4.21.0&#8243; _module_preset=&#8221;default&#8221; global_colors_info=&#8221;{}&#8221; theme_builder_area=&#8221;post_content&#8221;][et_pb_image src=&#8221;https:\/\/www.dolfin.be\/wp-content\/uploads\/2023\/07\/paiement-2.svg&#8221; title_text=&#8221;paiement&#8221; show_bottom_space=&#8221;off&#8221; align=&#8221;center&#8221; _builder_version=&#8221;4.21.0&#8243; _module_preset=&#8221;default&#8221; width=&#8221;70px&#8221; width_tablet=&#8221;&#8221; width_phone=&#8221;50px&#8221; width_last_edited=&#8221;on|phone&#8221; max_width=&#8221;70px&#8221; max_width_tablet=&#8221;&#8221; max_width_phone=&#8221;50px&#8221; max_width_last_edited=&#8221;on|phone&#8221; custom_margin=&#8221;||10px||false|false&#8221; animation_style=&#8221;fade&#8221; global_colors_info=&#8221;{}&#8221; theme_builder_area=&#8221;post_content&#8221;][\/et_pb_image][et_pb_text _builder_version=&#8221;4.23.1&#8243; _module_preset=&#8221;27d07d25-e7df-4862-9abf-a3157e59cb34&#8243; global_colors_info=&#8221;{}&#8221; theme_builder_area=&#8221;post_content&#8221;]<\/p>\n<p>Sichere <br \/>Zahlung<\/p>\n<p>[\/et_pb_text][\/et_pb_column][\/et_pb_row][\/et_pb_section]<\/p>\n","protected":false},"excerpt":{"rendered":"<p>Unser B2B-Katalog<div class=\"et_pb_module dsm_icon_divider dsm_icon_divider_0 et_animated\">\n\t\t\t\t\n\t\t\t\t\n\t\t\t\t\n\t\t\t\t\n\t\t\t\t\n\t\t\t\t\n\t\t\t\t<div class=\"et_pb_module_inner\">\n\t\t\t\t\t<div class=\"dsm-icon-divider-wrapper dsm-icon-divider-align-center\">\n\t\t\t\t\n\t\t\t\t\n\t\t\t\t<div class=\"dsm-icon-divider-before dsm-divider\"><\/div>\n\t\t\t\t<div class=\"dsm-icon-divider-image\"><span class=\"dsm-icon-divider-image-wrap\"><img decoding=\"async\" src=\"https:\/\/www.dolfin.be\/wp-content\/uploads\/2023\/07\/DOLFIN-couronne.png\" alt=\"\" \/><\/span><\/div>\n\t\t\t\t<div class=\"dsm-icon-divider-after dsm-divider\"><\/div>\n\t\t\t<\/div>\n\t\t\t\t<\/div>\n\t\t\t<\/div>M\u00f6chten Sie die gesamte Produktpalette von Dolfin entdecken? Werfen Sie einen Blick in unseren B2B-Katalog mit unserer vielf\u00e4ltigen Auswahl an traditionellen belgischen Schokoladen.Entdecken Sie unseren B2B-KatalogUnser B2B-Katalog gew\u00e4hrt Ihnen exklusiven Zugang zu unserem vollst\u00e4ndigen Sortiment belgischer Schokoladen f\u00fcr Unternehmen und H\u00e4ndler. Von unseren ikonischen Schokoladentafeln bis hin zu Geschenkboxen: Durchst\u00f6bern Sie das gesamte Sortiment und machen Sie sich mit unseren Produkten vertraut.Bestellen Sie einfach online<div class=\"et_pb_module dsm_icon_divider dsm_icon_divider_1 et_animated\">\n\t\t\t\t\n\t\t\t\t\n\t\t\t\t\n\t\t\t\t\n\t\t\t\t\n\t\t\t\t\n\t\t\t\t<div class=\"et_pb_module_inner\">\n\t\t\t\t\t<div class=\"dsm-icon-divider-wrapper dsm-icon-divider-align-center\">\n\t\t\t\t\n\t\t\t\t\n\t\t\t\t<div class=\"dsm-icon-divider-before dsm-divider\"><\/div>\n\t\t\t\t<div class=\"dsm-icon-divider-image\"><span class=\"dsm-icon-divider-image-wrap\"><img decoding=\"async\" src=\"https:\/\/www.dolfin.be\/wp-content\/uploads\/2023\/07\/DOLFIN-couronne.png\" alt=\"\" \/><\/span><\/div>\n\t\t\t\t<div class=\"dsm-icon-divider-after dsm-divider\"><\/div>\n\t\t\t<\/div>\n\t\t\t\t<\/div>\n\t\t\t<\/div>Sie sind an Produkten aus unserem Katalog interessiert? Schauen Sie in unserem B2B-Online-Shop vorbei und profitieren Sie von Sonderkonditionen. Bestellen Sie bequem und schnell \u00fcber unsere Plattform.Belgische SchokoladeNat\u00fcrliche ZutatenInternationaler VersandKostenloser Versand ab 50 \u20acSichere Zahlung<\/p>\n","protected":false},"author":1,"featured_media":0,"parent":0,"menu_order":70,"comment_status":"closed","ping_status":"closed","template":"","meta":{"_acf_changed":false,"_et_pb_use_builder":"on","_et_pb_old_content":"","_et_gb_content_width":"","inline_featured_image":false,"footnotes":""},"class_list":["post-8744","page","type-page","status-publish","hentry"],"acf":[],"yoast_head":"<!-- This site is optimized with the Yoast SEO plugin v27.4 - https:\/\/yoast.com\/product\/yoast-seo-wordpress\/ -->\n<title>Unser Katalog f\u00fcr H\u00e4ndler und Unternehmen \u2013 Schokoladen von Dolfin<\/title>\n<meta name=\"description\" content=\"Alle unsere Produkte von Dolfin f\u00fcr Unternehmen und H\u00e4ndler. Laden Sie den B2B-Katalog online herunter. Sonderkonditionen. Schnelle Bestellung.\" \/>\n<meta name=\"robots\" content=\"index, follow, max-snippet:-1, max-image-preview:large, max-video-preview:-1\" \/>\n<link rel=\"canonical\" href=\"https:\/\/www.dolfin.be\/de\/b2b-katalog\/\" \/>\n<meta property=\"og:locale\" content=\"de_DE\" \/>\n<meta property=\"og:type\" content=\"article\" \/>\n<meta property=\"og:title\" content=\"Unser Katalog f\u00fcr H\u00e4ndler und Unternehmen \u2013 Schokoladen von Dolfin\" \/>\n<meta property=\"og:description\" content=\"Alle unsere Produkte von Dolfin f\u00fcr Unternehmen und H\u00e4ndler. Laden Sie den B2B-Katalog online herunter. Sonderkonditionen. Schnelle Bestellung.\" \/>\n<meta property=\"og:url\" content=\"https:\/\/www.dolfin.be\/de\/b2b-katalog\/\" \/>\n<meta property=\"og:site_name\" content=\"Dolfin\" \/>\n<meta property=\"article:modified_time\" content=\"2024-03-21T09:46:16+00:00\" \/>\n<meta name=\"twitter:card\" content=\"summary_large_image\" \/>\n<meta name=\"twitter:label1\" content=\"Gesch\u00e4tzte Lesezeit\" \/>\n\t<meta name=\"twitter:data1\" content=\"2\u00a0Minuten\" \/>\n<script type=\"application\/ld+json\" class=\"yoast-schema-graph\">{\"@context\":\"https:\\\/\\\/schema.org\",\"@graph\":[{\"@type\":\"WebPage\",\"@id\":\"https:\\\/\\\/www.dolfin.be\\\/de\\\/b2b-katalog\\\/\",\"url\":\"https:\\\/\\\/www.dolfin.be\\\/de\\\/b2b-katalog\\\/\",\"name\":\"Unser Katalog f\u00fcr H\u00e4ndler und Unternehmen \u2013 Schokoladen von Dolfin\",\"isPartOf\":{\"@id\":\"https:\\\/\\\/www.dolfin.be\\\/de\\\/#website\"},\"datePublished\":\"2024-03-12T10:03:03+00:00\",\"dateModified\":\"2024-03-21T09:46:16+00:00\",\"description\":\"Alle unsere Produkte von Dolfin f\u00fcr Unternehmen und H\u00e4ndler. Laden Sie den B2B-Katalog online herunter. Sonderkonditionen. Schnelle Bestellung.\",\"breadcrumb\":{\"@id\":\"https:\\\/\\\/www.dolfin.be\\\/de\\\/b2b-katalog\\\/#breadcrumb\"},\"inLanguage\":\"de\",\"potentialAction\":[{\"@type\":\"ReadAction\",\"target\":[\"https:\\\/\\\/www.dolfin.be\\\/de\\\/b2b-katalog\\\/\"]}]},{\"@type\":\"BreadcrumbList\",\"@id\":\"https:\\\/\\\/www.dolfin.be\\\/de\\\/b2b-katalog\\\/#breadcrumb\",\"itemListElement\":[{\"@type\":\"ListItem\",\"position\":1,\"name\":\"Accueil\",\"item\":\"https:\\\/\\\/www.dolfin.be\\\/de\\\/\"},{\"@type\":\"ListItem\",\"position\":2,\"name\":\"B2B-Katalog\"}]},{\"@type\":\"WebSite\",\"@id\":\"https:\\\/\\\/www.dolfin.be\\\/de\\\/#website\",\"url\":\"https:\\\/\\\/www.dolfin.be\\\/de\\\/\",\"name\":\"Dolfin\",\"description\":\"\",\"potentialAction\":[{\"@type\":\"SearchAction\",\"target\":{\"@type\":\"EntryPoint\",\"urlTemplate\":\"https:\\\/\\\/www.dolfin.be\\\/de\\\/?s={search_term_string}\"},\"query-input\":{\"@type\":\"PropertyValueSpecification\",\"valueRequired\":true,\"valueName\":\"search_term_string\"}}],\"inLanguage\":\"de\"}]}<\/script>\n<!-- \/ Yoast SEO plugin. -->","yoast_head_json":{"title":"Unser Katalog f\u00fcr H\u00e4ndler und Unternehmen \u2013 Schokoladen von Dolfin","description":"Alle unsere Produkte von Dolfin f\u00fcr Unternehmen und H\u00e4ndler. Laden Sie den B2B-Katalog online herunter. Sonderkonditionen. Schnelle Bestellung.","robots":{"index":"index","follow":"follow","max-snippet":"max-snippet:-1","max-image-preview":"max-image-preview:large","max-video-preview":"max-video-preview:-1"},"canonical":"https:\/\/www.dolfin.be\/de\/b2b-katalog\/","og_locale":"de_DE","og_type":"article","og_title":"Unser Katalog f\u00fcr H\u00e4ndler und Unternehmen \u2013 Schokoladen von Dolfin","og_description":"Alle unsere Produkte von Dolfin f\u00fcr Unternehmen und H\u00e4ndler. Laden Sie den B2B-Katalog online herunter. Sonderkonditionen. Schnelle Bestellung.","og_url":"https:\/\/www.dolfin.be\/de\/b2b-katalog\/","og_site_name":"Dolfin","article_modified_time":"2024-03-21T09:46:16+00:00","twitter_card":"summary_large_image","twitter_misc":{"Gesch\u00e4tzte Lesezeit":"2\u00a0Minuten"},"schema":{"@context":"https:\/\/schema.org","@graph":[{"@type":"WebPage","@id":"https:\/\/www.dolfin.be\/de\/b2b-katalog\/","url":"https:\/\/www.dolfin.be\/de\/b2b-katalog\/","name":"Unser Katalog f\u00fcr H\u00e4ndler und Unternehmen \u2013 Schokoladen von Dolfin","isPartOf":{"@id":"https:\/\/www.dolfin.be\/de\/#website"},"datePublished":"2024-03-12T10:03:03+00:00","dateModified":"2024-03-21T09:46:16+00:00","description":"Alle unsere Produkte von Dolfin f\u00fcr Unternehmen und H\u00e4ndler. Laden Sie den B2B-Katalog online herunter. Sonderkonditionen. Schnelle Bestellung.","breadcrumb":{"@id":"https:\/\/www.dolfin.be\/de\/b2b-katalog\/#breadcrumb"},"inLanguage":"de","potentialAction":[{"@type":"ReadAction","target":["https:\/\/www.dolfin.be\/de\/b2b-katalog\/"]}]},{"@type":"BreadcrumbList","@id":"https:\/\/www.dolfin.be\/de\/b2b-katalog\/#breadcrumb","itemListElement":[{"@type":"ListItem","position":1,"name":"Accueil","item":"https:\/\/www.dolfin.be\/de\/"},{"@type":"ListItem","position":2,"name":"B2B-Katalog"}]},{"@type":"WebSite","@id":"https:\/\/www.dolfin.be\/de\/#website","url":"https:\/\/www.dolfin.be\/de\/","name":"Dolfin","description":"","potentialAction":[{"@type":"SearchAction","target":{"@type":"EntryPoint","urlTemplate":"https:\/\/www.dolfin.be\/de\/?s={search_term_string}"},"query-input":{"@type":"PropertyValueSpecification","valueRequired":true,"valueName":"search_term_string"}}],"inLanguage":"de"}]}},"_links":{"self":[{"href":"https:\/\/www.dolfin.be\/de\/wp-json\/wp\/v2\/pages\/8744","targetHints":{"allow":["GET"]}}],"collection":[{"href":"https:\/\/www.dolfin.be\/de\/wp-json\/wp\/v2\/pages"}],"about":[{"href":"https:\/\/www.dolfin.be\/de\/wp-json\/wp\/v2\/types\/page"}],"author":[{"embeddable":true,"href":"https:\/\/www.dolfin.be\/de\/wp-json\/wp\/v2\/users\/1"}],"replies":[{"embeddable":true,"href":"https:\/\/www.dolfin.be\/de\/wp-json\/wp\/v2\/comments?post=8744"}],"version-history":[{"count":3,"href":"https:\/\/www.dolfin.be\/de\/wp-json\/wp\/v2\/pages\/8744\/revisions"}],"predecessor-version":[{"id":8756,"href":"https:\/\/www.dolfin.be\/de\/wp-json\/wp\/v2\/pages\/8744\/revisions\/8756"}],"wp:attachment":[{"href":"https:\/\/www.dolfin.be\/de\/wp-json\/wp\/v2\/media?parent=8744"}],"curies":[{"name":"wp","href":"https:\/\/api.w.org\/{rel}","templated":true}]}}