{"id":8742,"date":"2023-07-10T11:22:43","date_gmt":"2023-07-10T09:22:43","guid":{"rendered":"https:\/\/dolfin.poush-dev.be\/espace-revendeur\/"},"modified":"2024-04-16T10:27:54","modified_gmt":"2024-04-16T08:27:54","slug":"haendlerbereich","status":"publish","type":"page","link":"https:\/\/www.dolfin.be\/de\/haendlerbereich\/","title":{"rendered":"H\u00e4ndlerbereich"},"content":{"rendered":"<p>[et_pb_section fb_built=&#8221;1&#8243; _builder_version=&#8221;4.23.1&#8243; _module_preset=&#8221;034606c6-129b-4ebd-8680-be801f49a5b8&#8243; background_color=&#8221;gcid-a3629afc-e664-45aa-aa36-0e441b8d1878&#8243; background_image=&#8221;https:\/\/www.dolfin.be\/wp-content\/uploads\/2024\/03\/DOLFIN-revendeurs.jpg&#8221; overflow-x=&#8221;visible&#8221; overflow-y=&#8221;visible&#8221; custom_margin=&#8221;||||false|false&#8221; global_colors_info=&#8221;{%22gcid-a3629afc-e664-45aa-aa36-0e441b8d1878%22:%91%22background_color%22%93}&#8221;][et_pb_row _builder_version=&#8221;4.22.1&#8243; _module_preset=&#8221;default&#8221; global_colors_info=&#8221;{}&#8221;][et_pb_column type=&#8221;4_4&#8243; _builder_version=&#8221;4.22.1&#8243; _module_preset=&#8221;default&#8221; global_colors_info=&#8221;{}&#8221;][et_pb_divider show_divider=&#8221;off&#8221; _builder_version=&#8221;4.22.1&#8243; _module_preset=&#8221;default&#8221; global_colors_info=&#8221;{}&#8221;][\/et_pb_divider][\/et_pb_column][\/et_pb_row][\/et_pb_section][et_pb_section fb_built=&#8221;1&#8243; _builder_version=&#8221;4.22.1&#8243; _module_preset=&#8221;default&#8221; global_colors_info=&#8221;{}&#8221;][et_pb_row _builder_version=&#8221;4.22.1&#8243; _module_preset=&#8221;default&#8221; global_colors_info=&#8221;{}&#8221;][et_pb_column type=&#8221;4_4&#8243; _builder_version=&#8221;4.22.1&#8243; _module_preset=&#8221;default&#8221; global_colors_info=&#8221;{}&#8221;][et_pb_text _builder_version=&#8221;4.23.1&#8243; _module_preset=&#8221;5298e62e-f7ac-4dd9-b361-006fc4da68de&#8221; text_text_color=&#8221;gcid-af292591-64bd-42d9-897b-91cef5aa2cb4&#8243; text_font_size=&#8221;22px&#8221; text_orientation=&#8221;center&#8221; text_font_size_tablet=&#8221;22px&#8221; text_font_size_phone=&#8221;22px&#8221; global_colors_info=&#8221;{%22gcid-af292591-64bd-42d9-897b-91cef5aa2cb4%22:%91%22text_text_color%22%93}&#8221;]<\/p>\n<h1>Mein H\u00e4ndlerbereich<\/h1>\n<p>[\/et_pb_text][dsm_icon_divider image=&#8221;https:\/\/www.dolfin.be\/wp-content\/uploads\/2023\/07\/DOLFIN-couronne.png&#8221; _builder_version=&#8221;4.21.0&#8243; _module_preset=&#8221;76727f67-c2a4-43e1-9c60-cd5c533de8b3&#8243; global_colors_info=&#8221;{}&#8221;][\/dsm_icon_divider][et_pb_text _builder_version=&#8221;4.23.1&#8243; _module_preset=&#8221;default&#8221; text_orientation=&#8221;center&#8221; max_width=&#8221;700px&#8221; module_alignment=&#8221;center&#8221; global_colors_info=&#8221;{}&#8221;]<\/p>\n<p>M\u00f6chten Sie Produkte von Dolfin in Ihrem Gesch\u00e4ft oder Ihrem Gastronomie-\/Hotelleriebetrieb anbieten? Registrieren Sie sich oder melden Sie sich in unserem <strong>H\u00e4ndlerbereich<\/strong> an.<\/p>\n<p>[\/et_pb_text][et_pb_button button_url=&#8221;@ET-DC@eyJkeW5hbWljIjp0cnVlLCJjb250ZW50IjoicG9zdF9saW5rX3VybF9wYWdlIiwic2V0dGluZ3MiOnsicG9zdF9pZCI6IjQ3NCJ9fQ==@&#8221; button_text=&#8221;Mein Account&#8221; button_alignment=&#8221;center&#8221; _builder_version=&#8221;4.24.3&#8243; _dynamic_attributes=&#8221;button_url&#8221; _module_preset=&#8221;default&#8221; global_colors_info=&#8221;{}&#8221;][\/et_pb_button][\/et_pb_column][\/et_pb_row][et_pb_row column_structure=&#8221;1_3,1_3,1_3&#8243; use_custom_gutter=&#8221;on&#8221; gutter_width=&#8221;4&#8243; _builder_version=&#8221;4.23.1&#8243; _module_preset=&#8221;default&#8221; global_colors_info=&#8221;{}&#8221;][et_pb_column type=&#8221;1_3&#8243; _builder_version=&#8221;4.23.1&#8243; _module_preset=&#8221;default&#8221; global_colors_info=&#8221;{}&#8221;][et_pb_image src=&#8221;https:\/\/www.dolfin.be\/wp-content\/uploads\/2024\/04\/catalogue.png&#8221; title_text=&#8221;catalogue&#8221; show_bottom_space=&#8221;off&#8221; align=&#8221;center&#8221; _builder_version=&#8221;4.24.3&#8243; _module_preset=&#8221;default&#8221; width=&#8221;70px&#8221; width_tablet=&#8221;&#8221; width_phone=&#8221;50px&#8221; width_last_edited=&#8221;on|phone&#8221; max_width=&#8221;70px&#8221; max_width_tablet=&#8221;&#8221; max_width_phone=&#8221;50px&#8221; max_width_last_edited=&#8221;on|phone&#8221; custom_margin=&#8221;||10px||false|false&#8221; animation_style=&#8221;fade&#8221; hover_enabled=&#8221;0&#8243; locked=&#8221;off&#8221; global_colors_info=&#8221;{}&#8221; alt=&#8221;Icone catalogue noir&#8221; sticky_enabled=&#8221;0&#8243;][\/et_pb_image][et_pb_text _builder_version=&#8221;4.23.1&#8243; _module_preset=&#8221;27d07d25-e7df-4862-9abf-a3157e59cb34&#8243; locked=&#8221;off&#8221; global_colors_info=&#8221;{}&#8221;]<\/p>\n<p>Zugang zum <strong>Produktkatalog<\/strong> von Dolfin<\/p>\n<p>[\/et_pb_text][\/et_pb_column][et_pb_column type=&#8221;1_3&#8243; _builder_version=&#8221;4.23.1&#8243; _module_preset=&#8221;default&#8221; global_colors_info=&#8221;{}&#8221;][et_pb_image src=&#8221;https:\/\/www.dolfin.be\/wp-content\/uploads\/2024\/04\/commande-rapide.png&#8221; title_text=&#8221;commande-rapide&#8221; show_bottom_space=&#8221;off&#8221; align=&#8221;center&#8221; _builder_version=&#8221;4.24.3&#8243; _module_preset=&#8221;default&#8221; width=&#8221;70px&#8221; width_tablet=&#8221;&#8221; width_phone=&#8221;50px&#8221; width_last_edited=&#8221;on|phone&#8221; max_width=&#8221;70px&#8221; max_width_tablet=&#8221;&#8221; max_width_phone=&#8221;50px&#8221; max_width_last_edited=&#8221;on|phone&#8221; custom_margin=&#8221;||10px||false|false&#8221; animation_style=&#8221;fade&#8221; hover_enabled=&#8221;0&#8243; locked=&#8221;off&#8221; global_colors_info=&#8221;{}&#8221; alt=&#8221;icone commande rapide noir&#8221; sticky_enabled=&#8221;0&#8243;][\/et_pb_image][et_pb_text _builder_version=&#8221;4.23.1&#8243; _module_preset=&#8221;27d07d25-e7df-4862-9abf-a3157e59cb34&#8243; locked=&#8221;off&#8221; global_colors_info=&#8221;{}&#8221;]<\/p>\n<p><strong>Einfache Online-Bestellung<\/strong><\/p>\n<p>[\/et_pb_text][\/et_pb_column][et_pb_column type=&#8221;1_3&#8243; _builder_version=&#8221;4.23.1&#8243; _module_preset=&#8221;default&#8221; global_colors_info=&#8221;{}&#8221;][et_pb_image src=&#8221;https:\/\/www.dolfin.be\/wp-content\/uploads\/2024\/04\/prix-avantageux.png&#8221; title_text=&#8221;prix-avantageux&#8221; show_bottom_space=&#8221;off&#8221; align=&#8221;center&#8221; _builder_version=&#8221;4.24.3&#8243; _module_preset=&#8221;default&#8221; width=&#8221;70px&#8221; width_tablet=&#8221;&#8221; width_phone=&#8221;50px&#8221; width_last_edited=&#8221;on|phone&#8221; max_width=&#8221;70px&#8221; max_width_tablet=&#8221;&#8221; max_width_phone=&#8221;50px&#8221; max_width_last_edited=&#8221;on|phone&#8221; custom_margin=&#8221;||10px||false|false&#8221; animation_style=&#8221;fade&#8221; hover_enabled=&#8221;0&#8243; locked=&#8221;off&#8221; global_colors_info=&#8221;{}&#8221; alt=&#8221;icone prix avantageux noir&#8221; sticky_enabled=&#8221;0&#8243;][\/et_pb_image][et_pb_text _builder_version=&#8221;4.23.1&#8243; _module_preset=&#8221;27d07d25-e7df-4862-9abf-a3157e59cb34&#8243; locked=&#8221;off&#8221; global_colors_info=&#8221;{}&#8221;]<\/p>\n<p><strong>Sonderkonditionen f\u00fcr Gesch\u00e4ftskunden <\/strong><\/p>\n<p>[\/et_pb_text][\/et_pb_column][\/et_pb_row][\/et_pb_section][et_pb_section fb_built=&#8221;1&#8243; _builder_version=&#8221;4.22.1&#8243; _module_preset=&#8221;default&#8221; background_image=&#8221;https:\/\/www.dolfin.be\/wp-content\/uploads\/2023\/07\/DOLFIN-bg.jpg&#8221; background_size=&#8221;custom&#8221; background_image_width=&#8221;100%&#8221; background_position=&#8221;bottom_center&#8221; custom_margin=&#8221;||||false|false&#8221; custom_padding=&#8221;||180px||false|false&#8221; background_last_edited=&#8221;on|phone&#8221; background_image_width_phone=&#8221;250%&#8221; locked=&#8221;off&#8221; global_colors_info=&#8221;{}&#8221;][et_pb_row _builder_version=&#8221;4.23.1&#8243; _module_preset=&#8221;default&#8221; max_width=&#8221;700px&#8221; custom_margin=&#8221;||50px||false|false&#8221; global_colors_info=&#8221;{}&#8221;][et_pb_column type=&#8221;4_4&#8243; _builder_version=&#8221;4.22.1&#8243; _module_preset=&#8221;default&#8221; global_colors_info=&#8221;{}&#8221;][et_pb_text _builder_version=&#8221;4.23.1&#8243; _module_preset=&#8221;default&#8221; text_orientation=&#8221;center&#8221; global_colors_info=&#8221;{}&#8221;]<\/p>\n<h2>Werden Sie Teil von Dolfin<\/h2>\n<p>[\/et_pb_text][dsm_icon_divider image=&#8221;https:\/\/www.dolfin.be\/wp-content\/uploads\/2023\/07\/DOLFIN-couronne.png&#8221; _builder_version=&#8221;4.21.0&#8243; _module_preset=&#8221;76727f67-c2a4-43e1-9c60-cd5c533de8b3&#8243; global_colors_info=&#8221;{}&#8221;][\/dsm_icon_divider][et_pb_text _builder_version=&#8221;4.23.1&#8243; _module_preset=&#8221;default&#8221; text_orientation=&#8221;center&#8221; global_colors_info=&#8221;{}&#8221;]<\/p>\n<p>Werden Sie Dolfin-H\u00e4ndler und schlie\u00dfen Sie sich einer Gemeinschaft von Feinschmeckern an, die <strong>Qualit\u00e4t<\/strong>, <strong>Geschmack<\/strong> und <strong>verantwortungsbewusste Herstellung<\/strong> sch\u00e4tzen. Wenn Sie mit uns zusammenarbeiten, k\u00f6nnen Sie Ihren Kunden <strong>au\u00dfergew\u00f6hnliche belgische Schokoladen <\/strong>anbieten, die mit Leidenschaft und im Einklang mit Tradition, Mensch und Umwelt hergestellt werden.<\/p>\n<p>[\/et_pb_text][et_pb_button button_url=&#8221;@ET-DC@eyJkeW5hbWljIjp0cnVlLCJjb250ZW50IjoicG9zdF9saW5rX3VybF9wYWdlIiwic2V0dGluZ3MiOnsicG9zdF9pZCI6IjczMiJ9fQ==@&#8221; button_text=&#8221;Mehr \u00fcber Dolfin&#8221; button_alignment=&#8221;center&#8221; _builder_version=&#8221;4.23.1&#8243; _dynamic_attributes=&#8221;button_url&#8221; _module_preset=&#8221;default&#8221; custom_margin=&#8221;50px||||false|false&#8221; global_colors_info=&#8221;{}&#8221;][\/et_pb_button][\/et_pb_column][\/et_pb_row][et_pb_row column_structure=&#8221;1_5,1_5,1_5,1_5,1_5&#8243; use_custom_gutter=&#8221;on&#8221; gutter_width=&#8221;2&#8243; make_equal=&#8221;on&#8221; _builder_version=&#8221;4.21.0&#8243; _module_preset=&#8221;default&#8221; background_color=&#8221;gcid-381b93f3-67ee-41da-91af-409b65dc2d2d&#8221; custom_margin=&#8221;||||false|false&#8221; custom_padding=&#8221;|30px|50px|30px|false|true&#8221; box_shadow_style=&#8221;preset1&#8243; box_shadow_vertical=&#8221;15px&#8221; box_shadow_blur=&#8221;30px&#8221; box_shadow_spread=&#8221;-6px&#8221; box_shadow_color=&#8221;rgba(0,0,0,0.1)&#8221; global_module=&#8221;8708&#8243; saved_tabs=&#8221;all&#8221; global_colors_info=&#8221;{%22gcid-381b93f3-67ee-41da-91af-409b65dc2d2d%22:%91%22background_color%22,%22background_color_gradient_stops%22%93,%22gcid-cdfc5e12-aa04-4e46-8d7a-a46e0d249000%22:%91%22background_color_gradient_stops%22%93}&#8221;][et_pb_column type=&#8221;1_5&#8243; _builder_version=&#8221;4.21.0&#8243; _module_preset=&#8221;default&#8221; custom_css_main_element=&#8221;max-width: 50%;&#8221; global_colors_info=&#8221;{}&#8221;][et_pb_image src=&#8221;https:\/\/www.dolfin.be\/wp-content\/uploads\/2023\/07\/chocolat-belge-1.svg&#8221; title_text=&#8221;chocolat-belge&#8221; show_bottom_space=&#8221;off&#8221; align=&#8221;center&#8221; _builder_version=&#8221;4.21.0&#8243; _module_preset=&#8221;default&#8221; width=&#8221;70px&#8221; width_tablet=&#8221;&#8221; width_phone=&#8221;50px&#8221; width_last_edited=&#8221;on|phone&#8221; max_width=&#8221;70px&#8221; max_width_tablet=&#8221;&#8221; max_width_phone=&#8221;50px&#8221; max_width_last_edited=&#8221;on|phone&#8221; custom_margin=&#8221;||10px||false|false&#8221; animation_style=&#8221;fade&#8221; global_colors_info=&#8221;{}&#8221;][\/et_pb_image][et_pb_text _builder_version=&#8221;4.23.1&#8243; _module_preset=&#8221;27d07d25-e7df-4862-9abf-a3157e59cb34&#8243; global_colors_info=&#8221;{}&#8221;]<\/p>\n<p>Belgische <br \/>Schokolade<\/p>\n<p>[\/et_pb_text][\/et_pb_column][et_pb_column type=&#8221;1_5&#8243; _builder_version=&#8221;4.21.0&#8243; _module_preset=&#8221;default&#8221; custom_css_main_element=&#8221;max-width: 50%;&#8221; global_colors_info=&#8221;{}&#8221;][et_pb_image src=&#8221;https:\/\/www.dolfin.be\/wp-content\/uploads\/2023\/07\/ingredients-1.svg&#8221; title_text=&#8221;ingredients&#8221; show_bottom_space=&#8221;off&#8221; align=&#8221;center&#8221; _builder_version=&#8221;4.21.0&#8243; _module_preset=&#8221;default&#8221; width=&#8221;70px&#8221; width_tablet=&#8221;&#8221; width_phone=&#8221;50px&#8221; width_last_edited=&#8221;on|phone&#8221; max_width=&#8221;70px&#8221; max_width_tablet=&#8221;&#8221; max_width_phone=&#8221;50px&#8221; max_width_last_edited=&#8221;on|phone&#8221; custom_margin=&#8221;||10px||false|false&#8221; animation_style=&#8221;fade&#8221; global_colors_info=&#8221;{}&#8221;][\/et_pb_image][et_pb_text _builder_version=&#8221;4.23.1&#8243; _module_preset=&#8221;27d07d25-e7df-4862-9abf-a3157e59cb34&#8243; global_colors_info=&#8221;{}&#8221;]<\/p>\n<p>Nat\u00fcrliche <br \/>Zutaten<\/p>\n<p>[\/et_pb_text][\/et_pb_column][et_pb_column type=&#8221;1_5&#8243; _builder_version=&#8221;4.21.0&#8243; _module_preset=&#8221;default&#8221; custom_css_main_element=&#8221;max-width: 50%;&#8221; global_colors_info=&#8221;{}&#8221;][et_pb_image src=&#8221;https:\/\/www.dolfin.be\/wp-content\/uploads\/2023\/07\/livraison-2.svg&#8221; title_text=&#8221;livraison&#8221; show_bottom_space=&#8221;off&#8221; align=&#8221;center&#8221; _builder_version=&#8221;4.21.0&#8243; _module_preset=&#8221;default&#8221; width=&#8221;70px&#8221; width_tablet=&#8221;&#8221; width_phone=&#8221;50px&#8221; width_last_edited=&#8221;on|phone&#8221; max_width=&#8221;70px&#8221; max_width_tablet=&#8221;&#8221; max_width_phone=&#8221;50px&#8221; max_width_last_edited=&#8221;on|phone&#8221; custom_margin=&#8221;||10px||false|false&#8221; animation_style=&#8221;fade&#8221; global_colors_info=&#8221;{}&#8221;][\/et_pb_image][et_pb_text _builder_version=&#8221;4.23.1&#8243; _module_preset=&#8221;27d07d25-e7df-4862-9abf-a3157e59cb34&#8243; global_colors_info=&#8221;{}&#8221;]<\/p>\n<p>Internationaler Versand<\/p>\n<p>[\/et_pb_text][\/et_pb_column][et_pb_column type=&#8221;1_5&#8243; _builder_version=&#8221;4.21.0&#8243; _module_preset=&#8221;default&#8221; custom_css_main_element=&#8221;max-width: 50%;&#8221; global_colors_info=&#8221;{}&#8221;][et_pb_image src=&#8221;https:\/\/www.dolfin.be\/wp-content\/uploads\/2023\/07\/livraison-gratuite.svg&#8221; title_text=&#8221;livraison-gratuite&#8221; show_bottom_space=&#8221;off&#8221; align=&#8221;center&#8221; _builder_version=&#8221;4.21.0&#8243; _module_preset=&#8221;default&#8221; width=&#8221;70px&#8221; width_tablet=&#8221;&#8221; width_phone=&#8221;50px&#8221; width_last_edited=&#8221;on|phone&#8221; max_width=&#8221;70px&#8221; max_width_tablet=&#8221;&#8221; max_width_phone=&#8221;50px&#8221; max_width_last_edited=&#8221;on|phone&#8221; custom_margin=&#8221;||10px||false|false&#8221; animation_style=&#8221;fade&#8221; global_colors_info=&#8221;{}&#8221;][\/et_pb_image][et_pb_text _builder_version=&#8221;4.23.1&#8243; _module_preset=&#8221;27d07d25-e7df-4862-9abf-a3157e59cb34&#8243; global_colors_info=&#8221;{}&#8221;]<\/p>\n<p>Kostenloser Versand <br \/>ab 50 \u20ac<\/p>\n<p>[\/et_pb_text][\/et_pb_column][et_pb_column type=&#8221;1_5&#8243; _builder_version=&#8221;4.21.0&#8243; _module_preset=&#8221;default&#8221; global_colors_info=&#8221;{}&#8221;][et_pb_image src=&#8221;https:\/\/www.dolfin.be\/wp-content\/uploads\/2023\/07\/paiement-2.svg&#8221; title_text=&#8221;paiement&#8221; show_bottom_space=&#8221;off&#8221; align=&#8221;center&#8221; _builder_version=&#8221;4.21.0&#8243; _module_preset=&#8221;default&#8221; width=&#8221;70px&#8221; width_tablet=&#8221;&#8221; width_phone=&#8221;50px&#8221; width_last_edited=&#8221;on|phone&#8221; max_width=&#8221;70px&#8221; max_width_tablet=&#8221;&#8221; max_width_phone=&#8221;50px&#8221; max_width_last_edited=&#8221;on|phone&#8221; custom_margin=&#8221;||10px||false|false&#8221; animation_style=&#8221;fade&#8221; global_colors_info=&#8221;{}&#8221;][\/et_pb_image][et_pb_text _builder_version=&#8221;4.23.1&#8243; _module_preset=&#8221;27d07d25-e7df-4862-9abf-a3157e59cb34&#8243; global_colors_info=&#8221;{}&#8221;]<\/p>\n<p>Sichere <br \/>Zahlung<\/p>\n<p>[\/et_pb_text][\/et_pb_column][\/et_pb_row][\/et_pb_section]<\/p>\n","protected":false},"excerpt":{"rendered":"<p>Mein H\u00e4ndlerbereich<div class=\"et_pb_module dsm_icon_divider dsm_icon_divider_0 et_animated\">\n\t\t\t\t\n\t\t\t\t\n\t\t\t\t\n\t\t\t\t\n\t\t\t\t\n\t\t\t\t\n\t\t\t\t<div class=\"et_pb_module_inner\">\n\t\t\t\t\t<div class=\"dsm-icon-divider-wrapper dsm-icon-divider-align-center\">\n\t\t\t\t\n\t\t\t\t\n\t\t\t\t<div class=\"dsm-icon-divider-before dsm-divider\"><\/div>\n\t\t\t\t<div class=\"dsm-icon-divider-image\"><span class=\"dsm-icon-divider-image-wrap\"><img decoding=\"async\" src=\"https:\/\/www.dolfin.be\/wp-content\/uploads\/2023\/07\/DOLFIN-couronne.png\" alt=\"\" \/><\/span><\/div>\n\t\t\t\t<div class=\"dsm-icon-divider-after dsm-divider\"><\/div>\n\t\t\t<\/div>\n\t\t\t\t<\/div>\n\t\t\t<\/div>M\u00f6chten Sie Produkte von Dolfin in Ihrem Gesch\u00e4ft oder Ihrem Gastronomie-\/Hotelleriebetrieb anbieten? Registrieren Sie sich oder melden Sie sich in unserem H\u00e4ndlerbereich an.Zugang zum Produktkatalog von DolfinEinfache Online-BestellungSonderkonditionen f\u00fcr Gesch\u00e4ftskunden Werden Sie Teil von Dolfin<div class=\"et_pb_module dsm_icon_divider dsm_icon_divider_1 et_animated\">\n\t\t\t\t\n\t\t\t\t\n\t\t\t\t\n\t\t\t\t\n\t\t\t\t\n\t\t\t\t\n\t\t\t\t<div class=\"et_pb_module_inner\">\n\t\t\t\t\t<div class=\"dsm-icon-divider-wrapper dsm-icon-divider-align-center\">\n\t\t\t\t\n\t\t\t\t\n\t\t\t\t<div class=\"dsm-icon-divider-before dsm-divider\"><\/div>\n\t\t\t\t<div class=\"dsm-icon-divider-image\"><span class=\"dsm-icon-divider-image-wrap\"><img decoding=\"async\" src=\"https:\/\/www.dolfin.be\/wp-content\/uploads\/2023\/07\/DOLFIN-couronne.png\" alt=\"\" \/><\/span><\/div>\n\t\t\t\t<div class=\"dsm-icon-divider-after dsm-divider\"><\/div>\n\t\t\t<\/div>\n\t\t\t\t<\/div>\n\t\t\t<\/div>Werden Sie Dolfin-H\u00e4ndler und schlie\u00dfen Sie sich einer Gemeinschaft von Feinschmeckern an, die Qualit\u00e4t, Geschmack und verantwortungsbewusste Herstellung sch\u00e4tzen. Wenn Sie mit uns zusammenarbeiten, k\u00f6nnen Sie Ihren Kunden au\u00dfergew\u00f6hnliche belgische Schokoladen anbieten, die mit Leidenschaft und im Einklang mit Tradition, Mensch und Umwelt hergestellt werden.Belgische SchokoladeNat\u00fcrliche ZutatenInternationaler VersandKostenloser Versand ab 50 \u20acSichere Zahlung<\/p>\n","protected":false},"author":1,"featured_media":0,"parent":0,"menu_order":60,"comment_status":"closed","ping_status":"closed","template":"","meta":{"_acf_changed":false,"_et_pb_use_builder":"on","_et_pb_old_content":"","_et_gb_content_width":"","inline_featured_image":false,"footnotes":""},"class_list":["post-8742","page","type-page","status-publish","hentry"],"acf":[],"yoast_head":"<!-- This site is optimized with the Yoast SEO plugin v27.4 - https:\/\/yoast.com\/product\/yoast-seo-wordpress\/ -->\n<title>H\u00e4ndlerbereich f\u00fcr Dolfin-Schokoladen \u2013 Einloggen<\/title>\n<meta name=\"description\" content=\"Professioneller Bereich f\u00fcr H\u00e4ndler. Belgische Chocolaterie Dolfin. Produktkatalog. Sonderkonditionen f\u00fcr Gesch\u00e4ftskunden. Schnelle Bestellung.\" \/>\n<meta name=\"robots\" content=\"index, follow, max-snippet:-1, max-image-preview:large, max-video-preview:-1\" \/>\n<link rel=\"canonical\" href=\"https:\/\/www.dolfin.be\/de\/haendlerbereich\/\" \/>\n<meta property=\"og:locale\" content=\"de_DE\" \/>\n<meta property=\"og:type\" content=\"article\" \/>\n<meta property=\"og:title\" content=\"H\u00e4ndlerbereich f\u00fcr Dolfin-Schokoladen \u2013 Einloggen\" \/>\n<meta property=\"og:description\" content=\"Professioneller Bereich f\u00fcr H\u00e4ndler. Belgische Chocolaterie Dolfin. Produktkatalog. Sonderkonditionen f\u00fcr Gesch\u00e4ftskunden. Schnelle Bestellung.\" \/>\n<meta property=\"og:url\" content=\"https:\/\/www.dolfin.be\/de\/haendlerbereich\/\" \/>\n<meta property=\"og:site_name\" content=\"Dolfin\" \/>\n<meta property=\"article:modified_time\" content=\"2024-04-16T08:27:54+00:00\" \/>\n<meta name=\"twitter:card\" content=\"summary_large_image\" \/>\n<meta name=\"twitter:label1\" content=\"Gesch\u00e4tzte Lesezeit\" \/>\n\t<meta name=\"twitter:data1\" content=\"3\u00a0Minuten\" \/>\n<script type=\"application\/ld+json\" class=\"yoast-schema-graph\">{\"@context\":\"https:\\\/\\\/schema.org\",\"@graph\":[{\"@type\":\"WebPage\",\"@id\":\"https:\\\/\\\/www.dolfin.be\\\/de\\\/haendlerbereich\\\/\",\"url\":\"https:\\\/\\\/www.dolfin.be\\\/de\\\/haendlerbereich\\\/\",\"name\":\"H\u00e4ndlerbereich f\u00fcr Dolfin-Schokoladen \u2013 Einloggen\",\"isPartOf\":{\"@id\":\"https:\\\/\\\/www.dolfin.be\\\/de\\\/#website\"},\"datePublished\":\"2023-07-10T09:22:43+00:00\",\"dateModified\":\"2024-04-16T08:27:54+00:00\",\"description\":\"Professioneller Bereich f\u00fcr H\u00e4ndler. Belgische Chocolaterie Dolfin. Produktkatalog. Sonderkonditionen f\u00fcr Gesch\u00e4ftskunden. Schnelle Bestellung.\",\"breadcrumb\":{\"@id\":\"https:\\\/\\\/www.dolfin.be\\\/de\\\/haendlerbereich\\\/#breadcrumb\"},\"inLanguage\":\"de\",\"potentialAction\":[{\"@type\":\"ReadAction\",\"target\":[\"https:\\\/\\\/www.dolfin.be\\\/de\\\/haendlerbereich\\\/\"]}]},{\"@type\":\"BreadcrumbList\",\"@id\":\"https:\\\/\\\/www.dolfin.be\\\/de\\\/haendlerbereich\\\/#breadcrumb\",\"itemListElement\":[{\"@type\":\"ListItem\",\"position\":1,\"name\":\"Accueil\",\"item\":\"https:\\\/\\\/www.dolfin.be\\\/de\\\/\"},{\"@type\":\"ListItem\",\"position\":2,\"name\":\"H\u00e4ndlerbereich\"}]},{\"@type\":\"WebSite\",\"@id\":\"https:\\\/\\\/www.dolfin.be\\\/de\\\/#website\",\"url\":\"https:\\\/\\\/www.dolfin.be\\\/de\\\/\",\"name\":\"Dolfin\",\"description\":\"\",\"potentialAction\":[{\"@type\":\"SearchAction\",\"target\":{\"@type\":\"EntryPoint\",\"urlTemplate\":\"https:\\\/\\\/www.dolfin.be\\\/de\\\/?s={search_term_string}\"},\"query-input\":{\"@type\":\"PropertyValueSpecification\",\"valueRequired\":true,\"valueName\":\"search_term_string\"}}],\"inLanguage\":\"de\"}]}<\/script>\n<!-- \/ Yoast SEO plugin. -->","yoast_head_json":{"title":"H\u00e4ndlerbereich f\u00fcr Dolfin-Schokoladen \u2013 Einloggen","description":"Professioneller Bereich f\u00fcr H\u00e4ndler. Belgische Chocolaterie Dolfin. Produktkatalog. Sonderkonditionen f\u00fcr Gesch\u00e4ftskunden. Schnelle Bestellung.","robots":{"index":"index","follow":"follow","max-snippet":"max-snippet:-1","max-image-preview":"max-image-preview:large","max-video-preview":"max-video-preview:-1"},"canonical":"https:\/\/www.dolfin.be\/de\/haendlerbereich\/","og_locale":"de_DE","og_type":"article","og_title":"H\u00e4ndlerbereich f\u00fcr Dolfin-Schokoladen \u2013 Einloggen","og_description":"Professioneller Bereich f\u00fcr H\u00e4ndler. Belgische Chocolaterie Dolfin. Produktkatalog. Sonderkonditionen f\u00fcr Gesch\u00e4ftskunden. Schnelle Bestellung.","og_url":"https:\/\/www.dolfin.be\/de\/haendlerbereich\/","og_site_name":"Dolfin","article_modified_time":"2024-04-16T08:27:54+00:00","twitter_card":"summary_large_image","twitter_misc":{"Gesch\u00e4tzte Lesezeit":"3\u00a0Minuten"},"schema":{"@context":"https:\/\/schema.org","@graph":[{"@type":"WebPage","@id":"https:\/\/www.dolfin.be\/de\/haendlerbereich\/","url":"https:\/\/www.dolfin.be\/de\/haendlerbereich\/","name":"H\u00e4ndlerbereich f\u00fcr Dolfin-Schokoladen \u2013 Einloggen","isPartOf":{"@id":"https:\/\/www.dolfin.be\/de\/#website"},"datePublished":"2023-07-10T09:22:43+00:00","dateModified":"2024-04-16T08:27:54+00:00","description":"Professioneller Bereich f\u00fcr H\u00e4ndler. Belgische Chocolaterie Dolfin. Produktkatalog. Sonderkonditionen f\u00fcr Gesch\u00e4ftskunden. Schnelle Bestellung.","breadcrumb":{"@id":"https:\/\/www.dolfin.be\/de\/haendlerbereich\/#breadcrumb"},"inLanguage":"de","potentialAction":[{"@type":"ReadAction","target":["https:\/\/www.dolfin.be\/de\/haendlerbereich\/"]}]},{"@type":"BreadcrumbList","@id":"https:\/\/www.dolfin.be\/de\/haendlerbereich\/#breadcrumb","itemListElement":[{"@type":"ListItem","position":1,"name":"Accueil","item":"https:\/\/www.dolfin.be\/de\/"},{"@type":"ListItem","position":2,"name":"H\u00e4ndlerbereich"}]},{"@type":"WebSite","@id":"https:\/\/www.dolfin.be\/de\/#website","url":"https:\/\/www.dolfin.be\/de\/","name":"Dolfin","description":"","potentialAction":[{"@type":"SearchAction","target":{"@type":"EntryPoint","urlTemplate":"https:\/\/www.dolfin.be\/de\/?s={search_term_string}"},"query-input":{"@type":"PropertyValueSpecification","valueRequired":true,"valueName":"search_term_string"}}],"inLanguage":"de"}]}},"_links":{"self":[{"href":"https:\/\/www.dolfin.be\/de\/wp-json\/wp\/v2\/pages\/8742","targetHints":{"allow":["GET"]}}],"collection":[{"href":"https:\/\/www.dolfin.be\/de\/wp-json\/wp\/v2\/pages"}],"about":[{"href":"https:\/\/www.dolfin.be\/de\/wp-json\/wp\/v2\/types\/page"}],"author":[{"embeddable":true,"href":"https:\/\/www.dolfin.be\/de\/wp-json\/wp\/v2\/users\/1"}],"replies":[{"embeddable":true,"href":"https:\/\/www.dolfin.be\/de\/wp-json\/wp\/v2\/comments?post=8742"}],"version-history":[{"count":12,"href":"https:\/\/www.dolfin.be\/de\/wp-json\/wp\/v2\/pages\/8742\/revisions"}],"predecessor-version":[{"id":12803,"href":"https:\/\/www.dolfin.be\/de\/wp-json\/wp\/v2\/pages\/8742\/revisions\/12803"}],"wp:attachment":[{"href":"https:\/\/www.dolfin.be\/de\/wp-json\/wp\/v2\/media?parent=8742"}],"curies":[{"name":"wp","href":"https:\/\/api.w.org\/{rel}","templated":true}]}}