{"id":527,"date":"2023-07-03T10:06:10","date_gmt":"2023-07-03T08:06:10","guid":{"rendered":"https:\/\/dolfin.poush-dev.be\/shop\/"},"modified":"2024-04-26T09:15:40","modified_gmt":"2024-04-26T07:15:40","slug":"unsere-produkte","status":"publish","type":"page","link":"https:\/\/www.dolfin.be\/de\/unsere-produkte\/","title":{"rendered":"Unsere Produkte"},"content":{"rendered":"","protected":false},"excerpt":{"rendered":"","protected":false},"author":1,"featured_media":1612,"parent":0,"menu_order":20,"comment_status":"closed","ping_status":"closed","template":"","meta":{"_acf_changed":false,"_et_pb_use_builder":"on","_et_pb_old_content":"","_et_gb_content_width":"","inline_featured_image":false,"footnotes":""},"class_list":["post-527","page","type-page","status-publish","has-post-thumbnail","hentry"],"acf":[],"yoast_head":"<!-- This site is optimized with the Yoast SEO plugin v27.4 - https:\/\/yoast.com\/product\/yoast-seo-wordpress\/ -->\n<title>Entdecken Sie unser Sortiment an Schokoladenprodukten \u2013 Chocolat Dolfin<\/title>\n<meta name=\"description\" content=\"Gro\u00dfe Auswahl an Schokoladenprodukten: Tafeln, Karamelle, Kugeln, Sp\u00e4ne, hei\u00dfe Schokolade, Le Chat, Schokoladenquadrate. Au\u00dfergew\u00f6hnliche belgische Schokolade.\" \/>\n<meta name=\"robots\" content=\"index, follow, max-snippet:-1, max-image-preview:large, max-video-preview:-1\" \/>\n<link rel=\"canonical\" href=\"https:\/\/www.dolfin.be\/de\/unsere-produkte\/\" \/>\n<meta property=\"og:locale\" content=\"de_DE\" \/>\n<meta property=\"og:type\" content=\"article\" \/>\n<meta property=\"og:title\" content=\"Entdecken Sie unser Sortiment an Schokoladenprodukten \u2013 Chocolat Dolfin\" \/>\n<meta property=\"og:description\" content=\"Gro\u00dfe Auswahl an Schokoladenprodukten: Tafeln, Karamelle, Kugeln, Sp\u00e4ne, hei\u00dfe Schokolade, Le Chat, Schokoladenquadrate. Au\u00dfergew\u00f6hnliche belgische Schokolade.\" \/>\n<meta property=\"og:url\" content=\"https:\/\/www.dolfin.be\/de\/unsere-produkte\/\" \/>\n<meta property=\"og:site_name\" content=\"Dolfin\" \/>\n<meta property=\"article:modified_time\" content=\"2024-04-26T07:15:40+00:00\" \/>\n<meta property=\"og:image\" content=\"https:\/\/www.dolfin.be\/wp-content\/uploads\/2023\/07\/DOLFIN-slider-1-1.jpg\" \/>\n\t<meta property=\"og:image:width\" content=\"1920\" \/>\n\t<meta property=\"og:image:height\" content=\"640\" \/>\n\t<meta property=\"og:image:type\" content=\"image\/jpeg\" \/>\n<meta name=\"twitter:card\" content=\"summary_large_image\" \/>\n<meta name=\"twitter:label1\" content=\"Gesch\u00e4tzte Lesezeit\" \/>\n\t<meta name=\"twitter:data1\" content=\"1\u00a0Minute\" \/>\n<script type=\"application\/ld+json\" class=\"yoast-schema-graph\">{\"@context\":\"https:\\\/\\\/schema.org\",\"@graph\":[{\"@type\":\"WebPage\",\"@id\":\"https:\\\/\\\/www.dolfin.be\\\/de\\\/unsere-produkte\\\/\",\"url\":\"https:\\\/\\\/www.dolfin.be\\\/de\\\/unsere-produkte\\\/\",\"name\":\"Entdecken Sie unser Sortiment an Schokoladenprodukten \u2013 Chocolat Dolfin\",\"isPartOf\":{\"@id\":\"https:\\\/\\\/www.dolfin.be\\\/de\\\/#website\"},\"primaryImageOfPage\":{\"@id\":\"https:\\\/\\\/www.dolfin.be\\\/de\\\/unsere-produkte\\\/#primaryimage\"},\"image\":{\"@id\":\"https:\\\/\\\/www.dolfin.be\\\/de\\\/unsere-produkte\\\/#primaryimage\"},\"thumbnailUrl\":\"https:\\\/\\\/www.dolfin.be\\\/wp-content\\\/uploads\\\/2023\\\/07\\\/DOLFIN-slider-1-1.jpg\",\"datePublished\":\"2023-07-03T08:06:10+00:00\",\"dateModified\":\"2024-04-26T07:15:40+00:00\",\"description\":\"Gro\u00dfe Auswahl an Schokoladenprodukten: Tafeln, Karamelle, Kugeln, Sp\u00e4ne, hei\u00dfe Schokolade, Le Chat, Schokoladenquadrate. Au\u00dfergew\u00f6hnliche belgische Schokolade.\",\"breadcrumb\":{\"@id\":\"https:\\\/\\\/www.dolfin.be\\\/de\\\/unsere-produkte\\\/#breadcrumb\"},\"inLanguage\":\"de\",\"potentialAction\":[{\"@type\":\"ReadAction\",\"target\":[\"https:\\\/\\\/www.dolfin.be\\\/de\\\/unsere-produkte\\\/\"]}]},{\"@type\":\"ImageObject\",\"inLanguage\":\"de\",\"@id\":\"https:\\\/\\\/www.dolfin.be\\\/de\\\/unsere-produkte\\\/#primaryimage\",\"url\":\"https:\\\/\\\/www.dolfin.be\\\/wp-content\\\/uploads\\\/2023\\\/07\\\/DOLFIN-slider-1-1.jpg\",\"contentUrl\":\"https:\\\/\\\/www.dolfin.be\\\/wp-content\\\/uploads\\\/2023\\\/07\\\/DOLFIN-slider-1-1.jpg\",\"width\":1920,\"height\":640},{\"@type\":\"BreadcrumbList\",\"@id\":\"https:\\\/\\\/www.dolfin.be\\\/de\\\/unsere-produkte\\\/#breadcrumb\",\"itemListElement\":[{\"@type\":\"ListItem\",\"position\":1,\"name\":\"Accueil\",\"item\":\"https:\\\/\\\/www.dolfin.be\\\/de\\\/\"},{\"@type\":\"ListItem\",\"position\":2,\"name\":\"Unsere Produkte\"}]},{\"@type\":\"WebSite\",\"@id\":\"https:\\\/\\\/www.dolfin.be\\\/de\\\/#website\",\"url\":\"https:\\\/\\\/www.dolfin.be\\\/de\\\/\",\"name\":\"Dolfin\",\"description\":\"\",\"potentialAction\":[{\"@type\":\"SearchAction\",\"target\":{\"@type\":\"EntryPoint\",\"urlTemplate\":\"https:\\\/\\\/www.dolfin.be\\\/de\\\/?s={search_term_string}\"},\"query-input\":{\"@type\":\"PropertyValueSpecification\",\"valueRequired\":true,\"valueName\":\"search_term_string\"}}],\"inLanguage\":\"de\"}]}<\/script>\n<!-- \/ Yoast SEO plugin. -->","yoast_head_json":{"title":"Entdecken Sie unser Sortiment an Schokoladenprodukten \u2013 Chocolat Dolfin","description":"Gro\u00dfe Auswahl an Schokoladenprodukten: Tafeln, Karamelle, Kugeln, Sp\u00e4ne, hei\u00dfe Schokolade, Le Chat, Schokoladenquadrate. Au\u00dfergew\u00f6hnliche belgische Schokolade.","robots":{"index":"index","follow":"follow","max-snippet":"max-snippet:-1","max-image-preview":"max-image-preview:large","max-video-preview":"max-video-preview:-1"},"canonical":"https:\/\/www.dolfin.be\/de\/unsere-produkte\/","og_locale":"de_DE","og_type":"article","og_title":"Entdecken Sie unser Sortiment an Schokoladenprodukten \u2013 Chocolat Dolfin","og_description":"Gro\u00dfe Auswahl an Schokoladenprodukten: Tafeln, Karamelle, Kugeln, Sp\u00e4ne, hei\u00dfe Schokolade, Le Chat, Schokoladenquadrate. Au\u00dfergew\u00f6hnliche belgische Schokolade.","og_url":"https:\/\/www.dolfin.be\/de\/unsere-produkte\/","og_site_name":"Dolfin","article_modified_time":"2024-04-26T07:15:40+00:00","og_image":[{"width":1920,"height":640,"url":"https:\/\/www.dolfin.be\/wp-content\/uploads\/2023\/07\/DOLFIN-slider-1-1.jpg","type":"image\/jpeg"}],"twitter_card":"summary_large_image","twitter_misc":{"Gesch\u00e4tzte Lesezeit":"1\u00a0Minute"},"schema":{"@context":"https:\/\/schema.org","@graph":[{"@type":"WebPage","@id":"https:\/\/www.dolfin.be\/de\/unsere-produkte\/","url":"https:\/\/www.dolfin.be\/de\/unsere-produkte\/","name":"Entdecken Sie unser Sortiment an Schokoladenprodukten \u2013 Chocolat Dolfin","isPartOf":{"@id":"https:\/\/www.dolfin.be\/de\/#website"},"primaryImageOfPage":{"@id":"https:\/\/www.dolfin.be\/de\/unsere-produkte\/#primaryimage"},"image":{"@id":"https:\/\/www.dolfin.be\/de\/unsere-produkte\/#primaryimage"},"thumbnailUrl":"https:\/\/www.dolfin.be\/wp-content\/uploads\/2023\/07\/DOLFIN-slider-1-1.jpg","datePublished":"2023-07-03T08:06:10+00:00","dateModified":"2024-04-26T07:15:40+00:00","description":"Gro\u00dfe Auswahl an Schokoladenprodukten: Tafeln, Karamelle, Kugeln, Sp\u00e4ne, hei\u00dfe Schokolade, Le Chat, Schokoladenquadrate. Au\u00dfergew\u00f6hnliche belgische Schokolade.","breadcrumb":{"@id":"https:\/\/www.dolfin.be\/de\/unsere-produkte\/#breadcrumb"},"inLanguage":"de","potentialAction":[{"@type":"ReadAction","target":["https:\/\/www.dolfin.be\/de\/unsere-produkte\/"]}]},{"@type":"ImageObject","inLanguage":"de","@id":"https:\/\/www.dolfin.be\/de\/unsere-produkte\/#primaryimage","url":"https:\/\/www.dolfin.be\/wp-content\/uploads\/2023\/07\/DOLFIN-slider-1-1.jpg","contentUrl":"https:\/\/www.dolfin.be\/wp-content\/uploads\/2023\/07\/DOLFIN-slider-1-1.jpg","width":1920,"height":640},{"@type":"BreadcrumbList","@id":"https:\/\/www.dolfin.be\/de\/unsere-produkte\/#breadcrumb","itemListElement":[{"@type":"ListItem","position":1,"name":"Accueil","item":"https:\/\/www.dolfin.be\/de\/"},{"@type":"ListItem","position":2,"name":"Unsere Produkte"}]},{"@type":"WebSite","@id":"https:\/\/www.dolfin.be\/de\/#website","url":"https:\/\/www.dolfin.be\/de\/","name":"Dolfin","description":"","potentialAction":[{"@type":"SearchAction","target":{"@type":"EntryPoint","urlTemplate":"https:\/\/www.dolfin.be\/de\/?s={search_term_string}"},"query-input":{"@type":"PropertyValueSpecification","valueRequired":true,"valueName":"search_term_string"}}],"inLanguage":"de"}]}},"_links":{"self":[{"href":"https:\/\/www.dolfin.be\/de\/wp-json\/wp\/v2\/pages\/527","targetHints":{"allow":["GET"]}}],"collection":[{"href":"https:\/\/www.dolfin.be\/de\/wp-json\/wp\/v2\/pages"}],"about":[{"href":"https:\/\/www.dolfin.be\/de\/wp-json\/wp\/v2\/types\/page"}],"author":[{"embeddable":true,"href":"https:\/\/www.dolfin.be\/de\/wp-json\/wp\/v2\/users\/1"}],"replies":[{"embeddable":true,"href":"https:\/\/www.dolfin.be\/de\/wp-json\/wp\/v2\/comments?post=527"}],"version-history":[{"count":2,"href":"https:\/\/www.dolfin.be\/de\/wp-json\/wp\/v2\/pages\/527\/revisions"}],"predecessor-version":[{"id":8706,"href":"https:\/\/www.dolfin.be\/de\/wp-json\/wp\/v2\/pages\/527\/revisions\/8706"}],"wp:featuredmedia":[{"embeddable":true,"href":"https:\/\/www.dolfin.be\/de\/wp-json\/wp\/v2\/media\/1612"}],"wp:attachment":[{"href":"https:\/\/www.dolfin.be\/de\/wp-json\/wp\/v2\/media?parent=527"}],"curies":[{"name":"wp","href":"https:\/\/api.w.org\/{rel}","templated":true}]}}